{"id":2634,"date":"2019-12-09T15:20:24","date_gmt":"2019-12-09T14:20:24","guid":{"rendered":"http:\/\/lycee-raynouard.fr\/?page_id=2634"},"modified":"2023-10-12T15:02:25","modified_gmt":"2023-10-12T13:02:25","slug":"les-formations","status":"publish","type":"page","link":"https:\/\/lycee-raynouard.fr\/index.php\/les-formations\/","title":{"rendered":"Les formations"},"content":{"rendered":"\n<p>Comme de nombreux \u00e9tablissements, le <strong>Lyc\u00e9e Raynouard<\/strong> propose un panel d&rsquo;offre de formations assez \u00e9tendu. Celles ci vont de l&rsquo;entr\u00e9e en seconde jusqu&rsquo;aux BTS.<\/p>\n\n\n\n<p>Vous pourrez les retrouver en cliquant sur les boutons ci-dessous<\/p>\n\n\n\n<div class=\"wp-block-uagb-buttons uagb-buttons__outer-wrap uagb-btn__default-btn uagb-btn-tablet__default-btn uagb-btn-mobile__default-btn uagb-block-a4edfd33 advgb-block-a4edfd33\"><div class=\"uagb-buttons__wrap uagb-buttons-layout-wrap\">\n<div class=\"wp-block-uagb-buttons-child uagb-buttons__outer-wrap uagb-block-c733cd3d wp-block-button\"><div class=\"uagb-button__wrapper\"><a class=\"uagb-buttons-repeater wp-block-button__link has-background has-text-color\" href=\"https:\/\/lycee-raynouard.fr\/index.php\/la-filiere-generale\/\" onclick=\"return true;\" rel=\"follow noopener\" target=\"_self\"><div class=\"uagb-button__link\">voies g\u00e9n\u00e9rale et technologique<\/div><\/a><\/div><\/div>\n\n\n\n<div class=\"wp-block-uagb-buttons-child uagb-buttons__outer-wrap uagb-block-f7cfa58a wp-block-button\"><div class=\"uagb-button__wrapper\"><a class=\"uagb-buttons-repeater wp-block-button__link has-background has-text-color\" href=\"https:\/\/lycee-raynouard.fr\/index.php\/la-filiere-professionnelle-2\/\" onclick=\"return true;\" rel=\"follow noopener\" target=\"_self\"><div class=\"uagb-button__link\">voie professionnelle<\/div><\/a><\/div><\/div>\n\n\n\n<div class=\"wp-block-uagb-buttons-child uagb-buttons__outer-wrap uagb-block-c6d07677 wp-block-button\"><div class=\"uagb-button__wrapper\"><a class=\"uagb-buttons-repeater wp-block-button__link has-background has-text-color\" href=\"https:\/\/lycee-raynouard.fr\/index.php\/les-bts\/\" onclick=\"return true;\" rel=\"follow noopener\" target=\"_self\"><div class=\"uagb-button__link\">les Brevets de Techniciens Sup\u00e9rieurs<\/div><\/a><\/div><\/div>\n<\/div><\/div>\n","protected":false},"excerpt":{"rendered":"<p>Comme de nombreux \u00e9tablissements, le Lyc\u00e9e Raynouard propose un panel d&rsquo;offre de formations assez \u00e9tendu. Celles ci vont de l&rsquo;entr\u00e9e en seconde jusqu&rsquo;aux BTS. Vous pourrez les retrouver en cliquant sur les boutons ci-dessous<\/p>\n","protected":false},"author":1,"featured_media":0,"parent":0,"menu_order":0,"comment_status":"closed","ping_status":"closed","template":"","meta":{"_uag_custom_page_level_css":"","advgb_blocks_editor_width":"","advgb_blocks_columns_visual_guide":"","ngg_post_thumbnail":0,"footnotes":""},"class_list":["post-2634","page","type-page","status-publish","hentry","nodate","item-wrap"],"yoast_head":"<!-- This site is optimized with the Yoast SEO plugin v25.8 - https:\/\/yoast.com\/wordpress\/plugins\/seo\/ -->\n<title>Les formations - Lyc\u00e9e Polyvalent Raynouard<\/title>\n<meta name=\"robots\" content=\"index, follow, max-snippet:-1, max-image-preview:large, max-video-preview:-1\" \/>\n<link rel=\"canonical\" href=\"https:\/\/lycee-raynouard.fr\/index.php\/les-formations\/\" \/>\n<meta property=\"og:locale\" content=\"fr_FR\" \/>\n<meta property=\"og:type\" content=\"article\" \/>\n<meta property=\"og:title\" content=\"Les formations - Lyc\u00e9e Polyvalent Raynouard\" \/>\n<meta property=\"og:description\" content=\"Comme de nombreux \u00e9tablissements, le Lyc\u00e9e Raynouard propose un panel d&rsquo;offre de formations assez \u00e9tendu. Celles ci vont de l&rsquo;entr\u00e9e en seconde jusqu&rsquo;aux BTS. Vous pourrez les retrouver en cliquant sur les boutons ci-dessous\" \/>\n<meta property=\"og:url\" content=\"https:\/\/lycee-raynouard.fr\/index.php\/les-formations\/\" \/>\n<meta property=\"og:site_name\" content=\"Lyc\u00e9e Polyvalent Raynouard\" \/>\n<meta property=\"article:modified_time\" content=\"2023-10-12T13:02:25+00:00\" \/>\n<meta name=\"twitter:card\" content=\"summary_large_image\" \/>\n<script type=\"application\/ld+json\" class=\"yoast-schema-graph\">{\"@context\":\"https:\/\/schema.org\",\"@graph\":[{\"@type\":\"WebPage\",\"@id\":\"https:\/\/lycee-raynouard.fr\/index.php\/les-formations\/\",\"url\":\"https:\/\/lycee-raynouard.fr\/index.php\/les-formations\/\",\"name\":\"Les formations - Lyc\u00e9e Polyvalent Raynouard\",\"isPartOf\":{\"@id\":\"https:\/\/lycee-raynouard.fr\/#website\"},\"datePublished\":\"2019-12-09T14:20:24+00:00\",\"dateModified\":\"2023-10-12T13:02:25+00:00\",\"breadcrumb\":{\"@id\":\"https:\/\/lycee-raynouard.fr\/index.php\/les-formations\/#breadcrumb\"},\"inLanguage\":\"fr-FR\",\"potentialAction\":[{\"@type\":\"ReadAction\",\"target\":[\"https:\/\/lycee-raynouard.fr\/index.php\/les-formations\/\"]}]},{\"@type\":\"BreadcrumbList\",\"@id\":\"https:\/\/lycee-raynouard.fr\/index.php\/les-formations\/#breadcrumb\",\"itemListElement\":[{\"@type\":\"ListItem\",\"position\":1,\"name\":\"Accueil\",\"item\":\"https:\/\/lycee-raynouard.fr\/\"},{\"@type\":\"ListItem\",\"position\":2,\"name\":\"Les formations\"}]},{\"@type\":\"WebSite\",\"@id\":\"https:\/\/lycee-raynouard.fr\/#website\",\"url\":\"https:\/\/lycee-raynouard.fr\/\",\"name\":\"Lyc\u00e9e Polyvalent Raynouard\",\"description\":\"Brignoles\",\"potentialAction\":[{\"@type\":\"SearchAction\",\"target\":{\"@type\":\"EntryPoint\",\"urlTemplate\":\"https:\/\/lycee-raynouard.fr\/?s={search_term_string}\"},\"query-input\":{\"@type\":\"PropertyValueSpecification\",\"valueRequired\":true,\"valueName\":\"search_term_string\"}}],\"inLanguage\":\"fr-FR\"}]}<\/script>\n<!-- \/ Yoast SEO plugin. -->","yoast_head_json":{"title":"Les formations - Lyc\u00e9e Polyvalent Raynouard","robots":{"index":"index","follow":"follow","max-snippet":"max-snippet:-1","max-image-preview":"max-image-preview:large","max-video-preview":"max-video-preview:-1"},"canonical":"https:\/\/lycee-raynouard.fr\/index.php\/les-formations\/","og_locale":"fr_FR","og_type":"article","og_title":"Les formations - Lyc\u00e9e Polyvalent Raynouard","og_description":"Comme de nombreux \u00e9tablissements, le Lyc\u00e9e Raynouard propose un panel d&rsquo;offre de formations assez \u00e9tendu. Celles ci vont de l&rsquo;entr\u00e9e en seconde jusqu&rsquo;aux BTS. Vous pourrez les retrouver en cliquant sur les boutons ci-dessous","og_url":"https:\/\/lycee-raynouard.fr\/index.php\/les-formations\/","og_site_name":"Lyc\u00e9e Polyvalent Raynouard","article_modified_time":"2023-10-12T13:02:25+00:00","twitter_card":"summary_large_image","schema":{"@context":"https:\/\/schema.org","@graph":[{"@type":"WebPage","@id":"https:\/\/lycee-raynouard.fr\/index.php\/les-formations\/","url":"https:\/\/lycee-raynouard.fr\/index.php\/les-formations\/","name":"Les formations - Lyc\u00e9e Polyvalent Raynouard","isPartOf":{"@id":"https:\/\/lycee-raynouard.fr\/#website"},"datePublished":"2019-12-09T14:20:24+00:00","dateModified":"2023-10-12T13:02:25+00:00","breadcrumb":{"@id":"https:\/\/lycee-raynouard.fr\/index.php\/les-formations\/#breadcrumb"},"inLanguage":"fr-FR","potentialAction":[{"@type":"ReadAction","target":["https:\/\/lycee-raynouard.fr\/index.php\/les-formations\/"]}]},{"@type":"BreadcrumbList","@id":"https:\/\/lycee-raynouard.fr\/index.php\/les-formations\/#breadcrumb","itemListElement":[{"@type":"ListItem","position":1,"name":"Accueil","item":"https:\/\/lycee-raynouard.fr\/"},{"@type":"ListItem","position":2,"name":"Les formations"}]},{"@type":"WebSite","@id":"https:\/\/lycee-raynouard.fr\/#website","url":"https:\/\/lycee-raynouard.fr\/","name":"Lyc\u00e9e Polyvalent Raynouard","description":"Brignoles","potentialAction":[{"@type":"SearchAction","target":{"@type":"EntryPoint","urlTemplate":"https:\/\/lycee-raynouard.fr\/?s={search_term_string}"},"query-input":{"@type":"PropertyValueSpecification","valueRequired":true,"valueName":"search_term_string"}}],"inLanguage":"fr-FR"}]}},"uagb_featured_image_src":{"full":false,"thumbnail":false,"medium":false,"medium_large":false,"large":false,"1536x1536":false,"2048x2048":false,"graphene_slider":false,"graphene_featured_image":false,"post-thumbnail":false,"mailpoet_newsletter_max":false},"uagb_author_info":{"display_name":"adminray","author_link":"https:\/\/lycee-raynouard.fr\/index.php\/author\/adminray\/"},"uagb_comment_info":0,"uagb_excerpt":"Comme de nombreux \u00e9tablissements, le Lyc\u00e9e Raynouard propose un panel d&rsquo;offre de formations assez \u00e9tendu. Celles ci vont de l&rsquo;entr\u00e9e en seconde jusqu&rsquo;aux BTS. Vous pourrez les retrouver en cliquant sur les boutons ci-dessous","coauthors":[],"author_meta":{"author_link":"https:\/\/lycee-raynouard.fr\/index.php\/author\/adminray\/","display_name":"adminray"},"relative_dates":{"created":"Publi\u00e9 6 ans il y a","modified":"Mis \u00e0 jour 3 ans il y a"},"absolute_dates":{"created":"Publi\u00e9 le 9 d\u00e9cembre 2019","modified":"Mise \u00e0 jour le 12 octobre 2023"},"absolute_dates_time":{"created":"Publi\u00e9 le 9 d\u00e9cembre 2019 15 h 20 min","modified":"Mise \u00e0 jour le 12 octobre 2023 15 h 02 min"},"featured_img_caption":"","featured_img":false,"series_order":"","_links":{"self":[{"href":"https:\/\/lycee-raynouard.fr\/index.php\/wp-json\/wp\/v2\/pages\/2634","targetHints":{"allow":["GET"]}}],"collection":[{"href":"https:\/\/lycee-raynouard.fr\/index.php\/wp-json\/wp\/v2\/pages"}],"about":[{"href":"https:\/\/lycee-raynouard.fr\/index.php\/wp-json\/wp\/v2\/types\/page"}],"author":[{"embeddable":true,"href":"https:\/\/lycee-raynouard.fr\/index.php\/wp-json\/wp\/v2\/users\/1"}],"replies":[{"embeddable":true,"href":"https:\/\/lycee-raynouard.fr\/index.php\/wp-json\/wp\/v2\/comments?post=2634"}],"version-history":[{"count":10,"href":"https:\/\/lycee-raynouard.fr\/index.php\/wp-json\/wp\/v2\/pages\/2634\/revisions"}],"predecessor-version":[{"id":4941,"href":"https:\/\/lycee-raynouard.fr\/index.php\/wp-json\/wp\/v2\/pages\/2634\/revisions\/4941"}],"wp:attachment":[{"href":"https:\/\/lycee-raynouard.fr\/index.php\/wp-json\/wp\/v2\/media?parent=2634"}],"curies":[{"name":"wp","href":"https:\/\/api.w.org\/{rel}","templated":true}]}}