{"id":3043,"date":"2020-03-02T17:53:56","date_gmt":"2020-03-02T16:53:56","guid":{"rendered":"http:\/\/lycee-raynouard.fr\/?page_id=3043"},"modified":"2020-03-03T00:28:06","modified_gmt":"2020-03-02T23:28:06","slug":"bts-negociation-digitalisation-de-la-relation-clients","status":"publish","type":"page","link":"https:\/\/lycee-raynouard.fr\/index.php\/bts-negociation-digitalisation-de-la-relation-clients\/","title":{"rendered":"BTS N\u00e9gociation Digitalisation de la Relation Clients"},"content":{"rendered":"\n<div class=\"wp-block-cover aligncenter has-background-dim\" style=\"background-color:#bb9d7e;min-height:60px;aspect-ratio:unset;\"><div class=\"wp-block-cover__inner-container is-layout-flow wp-block-cover-is-layout-flow\">\n<p style=\"font-size:30px\" class=\"has-text-align-left\">Objectifs :<\/p>\n<\/div><\/div>\n\n\n\n<p>Le BTS NDRC forme des vendeurs&nbsp; et des managers commerciaux sp\u00e9cialis\u00e9s dans la relation client, de la prospection \u00e0&nbsp; la fid\u00e9lisation, de l\u2019animation commerciale \u00e0 la d\u00e9mat\u00e9rialisation des \u00e9changes.<\/p>\n\n\n\n<div class=\"wp-block-cover aligncenter has-background-dim\" style=\"background-color:#bb9d7e;min-height:60px;aspect-ratio:unset;\"><div class=\"wp-block-cover__inner-container is-layout-flow wp-block-cover-is-layout-flow\">\n<p style=\"font-size:30px\" class=\"has-text-align-left\">Comp\u00e9tences :<\/p>\n<\/div><\/div>\n\n\n\n<ul class=\"wp-block-list\"><li>commercial g\u00e9n\u00e9raliste, capable d\u2019exercer dans tous les<strong> <\/strong>secteurs d\u2019activit\u00e9s et dans tout type d\u2019organisation, avec tout type de client\u00e8le (B to B, B to C, B to<strong> <\/strong>G), quelle que soit la forme de la relation client (en pr\u00e9sentiel, \u00e0 distance, e-relation)<\/li><li>Recommandations, avis, notations sur les r\u00e9seaux sociaux, forums, blogs deviennent<strong> <\/strong>des vecteurs de communication \u00e0 int\u00e9grer pour d\u00e9velopper la client\u00e8le<\/li><li>n\u00e9cessit\u00e9 de poss\u00e9der une<strong> <\/strong>v\u00e9ritable culture num\u00e9rique pour agir \u00e0 tout moment et en tout lieu.<\/li><\/ul>\n\n\n\n<div class=\"wp-block-cover aligncenter has-background-dim\" style=\"background-color:#bb9d7e;min-height:60px;aspect-ratio:unset;\"><div class=\"wp-block-cover__inner-container is-layout-flow wp-block-cover-is-layout-flow\">\n<p style=\"font-size:30px\" class=\"has-text-align-left\">Programme :<\/p>\n<\/div><\/div>\n\n\n\n<ul class=\"wp-block-list\"><li>Culture g\u00e9n\u00e9rale et expression<\/li><li>ANGLAIS<\/li><li>Culture \u00e9conomique, juridique et manag\u00e9riale<\/li><li>Relation Client et n\u00e9gociation vente<\/li><li>Relation client et animation de r\u00e9seaux<\/li><li>Gestion de la client\u00e8le<\/li><li>Relation client \u00e0 distance et&nbsp; digitalisation<\/li><\/ul>\n\n\n\n<div class=\"wp-block-cover aligncenter has-background-dim\" style=\"background-color:#bb9d7e;min-height:60px;aspect-ratio:unset;\"><div class=\"wp-block-cover__inner-container is-layout-flow wp-block-cover-is-layout-flow\">\n<p style=\"font-size:30px\" class=\"has-text-align-left\">M\u00e9tiers :<\/p>\n<\/div><\/div>\n\n\n\n<p>Les emplois rel\u00e8vent de la fonction commerciale vente, selon 3 grands axes :<\/p>\n\n\n\n<ul class=\"wp-block-list\"><li>le soutien \u00e0 l\u2019activit\u00e9 commerciale : prospecteur, t\u00e9l\u00e9prospecteur, promoteur des ventes, animateur des ventes, animateur r\u00e9seau\u2026<\/li><li>La relation client : vendeur, repr\u00e9sentant, commercial, n\u00e9gociateur, d\u00e9l\u00e9gu\u00e9 commercial, attach\u00e9 commercial, conseiller client\u00e8le, charg\u00e9 de client\u00e8le, charg\u00e9 d\u2019affaires, responsable de secteur, courtier\u2026<\/li><li>Le management des \u00e9quipes commerciales : chef des ventes, responsable d\u2019\u00e9quipes de prospection, responsable de secteurs, assistant manageur\u2026<\/li><\/ul>\n\n\n\n<div class=\"wp-block-cover aligncenter has-background-dim\" style=\"background-color:#bb9d7e;min-height:60px;aspect-ratio:unset;\"><div class=\"wp-block-cover__inner-container is-layout-flow wp-block-cover-is-layout-flow\">\n<p style=\"font-size:30px\" class=\"has-text-align-left\">Apprentissage :<\/p>\n<\/div><\/div>\n\n\n\n<div class=\"wp-block-image\"><figure class=\"alignright size-large is-resized\"><img loading=\"lazy\" decoding=\"async\" src=\"https:\/\/lycee-raynouard.fr\/wp-content\/uploads\/2020\/03\/Image1.png\" alt=\"\" class=\"wp-image-3050\" width=\"288\" height=\"116\" srcset=\"https:\/\/lycee-raynouard.fr\/wp-content\/uploads\/2020\/03\/Image1.png 409w, https:\/\/lycee-raynouard.fr\/wp-content\/uploads\/2020\/03\/Image1-300x121.png 300w\" sizes=\"auto, (max-width: 288px) 100vw, 288px\" \/><\/figure><\/div>\n\n\n\n<p>La formation peut \u00eatre suivie dans le cadre de l&rsquo;alternance en apprentissage<strong>.<\/strong><\/p>\n\n\n\n<ul class=\"wp-block-list\"><li>3 jours en entreprise\/2 jours en formation<\/li><li>745 h 00 en entreprise<\/li><li>2 ans de Septembre \u00e0 Juillet<\/li><li>RECRUTEMENT&nbsp; d\u00e9s f\u00e9vrier 2020<\/li><\/ul>\n\n\n\n<p><strong>Pour information les grilles de salaires des apprentis sont les suivantes:<\/strong><\/p>\n\n\n\n<p><strong>Moins de 21 ans<\/strong><br>&#8211; Baccalaur\u00e9at G\u00e9n\u00e9ral ou inf\u00e9rieur : 55% du SMIC<br>&#8211; Baccalaur\u00e9at Professionnel ou Technologique : 65% du SMIC<\/p>\n\n\n\n<p><strong>De 21 \u00e0 25 ans<\/strong><br>&#8211; Baccalaur\u00e9at G\u00e9n\u00e9ral ou inf\u00e9rieur : 70% du SMIC<br>&#8211; Baccalaur\u00e9at Professionnel ou Technologique : 80% du SMIC<\/p>\n\n\n\n<p><strong>Plus de 26 ans<\/strong><br>&#8211; Baccalaur\u00e9at G\u00e9n\u00e9ral ou inf\u00e9rieur : 100% du SMIC<br><\/p>\n\n\n\n<div class=\"wp-block-cover aligncenter has-background-dim\" style=\"background-color:#bb9d7e;min-height:60px;aspect-ratio:unset;\"><div class=\"wp-block-cover__inner-container is-layout-flow wp-block-cover-is-layout-flow\">\n<p style=\"font-size:30px\" class=\"has-text-align-left\">Examen :<\/p>\n<\/div><\/div>\n\n\n\n<table class=\"wp-block-advgb-table alignleft advgb-table-frontend is-style-stripes\"><tbody><tr><td style=\"border-top-color:#72662a;border-right-color:#72662a;border-bottom-color:#72662a;border-left-color:#72662a;border-width:1px;padding-top:7px;padding-right:5px;padding-bottom:7px;padding-left:5px;vertical-align:middle;text-align:center;background-color:#785c79;color:#ffffff\" data-border-color=\"#72662a\"><strong>\u00e9preuves<\/strong><\/td><td style=\"text-align:center;vertical-align:middle;padding-top:7px;padding-right:5px;padding-bottom:7px;padding-left:5px;border-width:1px;background-color:#785c79;color:#ffffff\" data-border-color=\"#72662a\"><strong> unit\u00e9 <\/strong><\/td><td style=\"text-align:center;vertical-align:middle;padding-top:7px;padding-right:5px;padding-bottom:7px;padding-left:5px;border-width:1px;background-color:#785c79;color:#ffffff\" data-border-color=\"#72662a\"> <strong>coef <\/strong><\/td><td style=\"text-align:center;vertical-align:middle;padding-top:7px;padding-right:5px;padding-bottom:7px;padding-left:5px;border-width:1px;background-color:#785c79;color:#ffffff\" data-border-color=\"#72662a\"><strong>forme<\/strong><\/td><td style=\"text-align:center;vertical-align:middle;padding-top:7px;padding-right:5px;padding-bottom:7px;padding-left:5px;border-width:1px;background-color:#785c79;color:#ffffff\" data-border-color=\"#72662a\"><strong>dur\u00e9e<\/strong><\/td><\/tr><tr><td style=\"text-align:center;vertical-align:middle;padding-top:4px;padding-right:5px;padding-bottom:4px;padding-left:5px;border-width:1px\" data-border-color=\"#72662a\">E1 Culture g\u00e9n\u00e9rale et expression<\/td><td style=\"text-align:center;vertical-align:middle;padding-top:4px;padding-right:5px;padding-bottom:4px;padding-left:5px;border-width:1px\" data-border-color=\"#72662a\">U1<\/td><td style=\"text-align:center;vertical-align:middle;padding-top:4px;padding-right:5px;padding-bottom:4px;padding-left:5px;border-width:1px\" data-border-color=\"#72662a\">3<\/td><td style=\"text-align:center;vertical-align:middle;padding-top:4px;padding-right:5px;padding-bottom:4px;padding-left:5px;border-width:1px\" data-border-color=\"#72662a\">\u00e9crit<\/td><td style=\"text-align:center;vertical-align:middle;padding-top:4px;padding-right:5px;padding-bottom:4px;padding-left:5px;border-width:1px\" data-border-color=\"#72662a\">4h<\/td><\/tr><tr><td style=\"text-align:center;vertical-align:middle;padding-top:4px;padding-right:5px;padding-bottom:4px;padding-left:5px;border-width:1px\" data-border-color=\"#72662a\">E2 Communication en LV 1<\/td><td style=\"text-align:center;vertical-align:middle;padding-top:4px;padding-right:5px;padding-bottom:4px;padding-left:5px;border-width:1px\" data-border-color=\"#72662a\">U2<\/td><td style=\"text-align:center;vertical-align:middle;padding-top:4px;padding-right:5px;padding-bottom:4px;padding-left:5px;border-width:1px\" data-border-color=\"#72662a\">3<\/td><td style=\"text-align:center;vertical-align:middle;padding-top:4px;padding-right:5px;padding-bottom:4px;padding-left:5px;border-width:1px\" data-border-color=\"#72662a\">oral<\/td><td style=\"text-align:center;vertical-align:middle;padding-top:4px;padding-right:5px;padding-bottom:4px;padding-left:5px;border-width:1px\" data-border-color=\"#72662a\">30&prime; + 30&prime;<\/td><\/tr><tr><td style=\"text-align:center;vertical-align:middle;padding-top:4px;padding-right:5px;padding-bottom:4px;padding-left:5px;border-width:1px\" data-border-color=\"#72662a\">E3 Culture \u00e9conomique, juridique et manag\u00e9riale<\/td><td style=\"text-align:center;vertical-align:middle;padding-top:4px;padding-right:5px;padding-bottom:4px;padding-left:5px;border-width:1px\" data-border-color=\"#72662a\">U3<\/td><td style=\"text-align:center;vertical-align:middle;padding-top:4px;padding-right:5px;padding-bottom:4px;padding-left:5px;border-width:1px\" data-border-color=\"#72662a\">3<\/td><td style=\"text-align:center;vertical-align:middle;padding-top:4px;padding-right:5px;padding-bottom:4px;padding-left:5px;border-width:1px\" data-border-color=\"#72662a\">\u00e9crit<\/td><td style=\"text-align:center;vertical-align:middle;padding-top:4px;padding-right:5px;padding-bottom:4px;padding-left:5px;border-width:1px\" data-border-color=\"#72662a\">4h<\/td><\/tr><tr><td style=\"text-align:center;vertical-align:middle;padding-top:4px;padding-right:5px;padding-bottom:4px;padding-left:5px;border-width:1px\" data-border-color=\"#72662a\">E4 Relation Client et n\u00e9gociation-vente<\/td><td style=\"text-align:center;vertical-align:middle;padding-top:4px;padding-right:5px;padding-bottom:4px;padding-left:5px;border-width:1px\" data-border-color=\"#72662a\">U4<\/td><td style=\"text-align:center;vertical-align:middle;padding-top:4px;padding-right:5px;padding-bottom:4px;padding-left:5px;border-width:1px\" data-border-color=\"#72662a\">5<\/td><td style=\"text-align:center;vertical-align:middle;padding-top:4px;padding-right:5px;padding-bottom:4px;padding-left:5px;border-width:1px\" data-border-color=\"#72662a\">CCF &#8211; 2situations d&rsquo;\u00e9valuation<\/td><td style=\"text-align:center;vertical-align:middle;padding-top:4px;padding-right:5px;padding-bottom:4px;padding-left:5px;border-width:1px\" data-border-color=\"#72662a\"><\/td><\/tr><tr><td style=\"text-align:center;vertical-align:middle;padding-top:4px;padding-right:5px;padding-bottom:4px;padding-left:5px;border-width:1px\" data-border-color=\"#72662a\">E5 Relation Client \u00e0 distance et digitalisation<\/td><td style=\"text-align:center;vertical-align:middle;padding-top:4px;padding-right:5px;padding-bottom:4px;padding-left:5px;border-width:1px\" data-border-color=\"#72662a\">U5<\/td><td style=\"text-align:center;vertical-align:middle;padding-top:4px;padding-right:5px;padding-bottom:4px;padding-left:5px;border-width:1px\" data-border-color=\"#72662a\">4<\/td><td style=\"text-align:center;vertical-align:middle;padding-top:4px;padding-right:5px;padding-bottom:4px;padding-left:5px;border-width:1px\" data-border-color=\"#72662a\">\u00e9preuve ponctuelle \u00e9crite +  \u00e9preuve ponctuelle pratique<\/td><td style=\"text-align:center;vertical-align:middle;padding-top:4px;padding-right:5px;padding-bottom:4px;padding-left:5px;border-width:1px\" data-border-color=\"#72662a\">3h + 40&prime;<\/td><\/tr><tr><td style=\"text-align:center;vertical-align:middle;padding-top:4px;padding-right:5px;padding-bottom:4px;padding-left:5px;border-width:1px\" data-border-color=\"#72662a\">E6 Relation Client et animation de r\u00e9seaux<\/td><td style=\"text-align:center;vertical-align:middle;padding-top:4px;padding-right:5px;padding-bottom:4px;padding-left:5px;border-width:1px\" data-border-color=\"#72662a\">U6<\/td><td style=\"text-align:center;vertical-align:middle;padding-top:4px;padding-right:5px;padding-bottom:4px;padding-left:5px;border-width:1px\" data-border-color=\"#72662a\">3<\/td><td style=\"text-align:center;vertical-align:middle;padding-top:4px;padding-right:5px;padding-bottom:4px;padding-left:5px;border-width:1px\" data-border-color=\"#72662a\">CCF &#8211; 2situations d&rsquo;\u00e9valuation<\/td><td style=\"text-align:center;vertical-align:middle;padding-top:4px;padding-right:5px;padding-bottom:4px;padding-left:5px;border-width:1px\" data-border-color=\"#72662a\"><\/td><\/tr><tr><td style=\"text-align:center;vertical-align:middle;padding-top:4px;padding-right:5px;padding-bottom:4px;padding-left:5px;border-width:1px\" data-border-color=\"#72662a\">EF1 Communication en lV2<\/td><td style=\"text-align:center;vertical-align:middle;padding-top:4px;padding-right:5px;padding-bottom:4px;padding-left:5px;border-width:1px\" data-border-color=\"#72662a\">UF1<\/td><td style=\"text-align:center;vertical-align:middle;padding-top:4px;padding-right:5px;padding-bottom:4px;padding-left:5px;border-width:1px\" data-border-color=\"#72662a\"><\/td><td style=\"text-align:center;vertical-align:middle;padding-top:4px;padding-right:5px;padding-bottom:4px;padding-left:5px;border-width:1px\" data-border-color=\"#72662a\">oral<\/td><td style=\"text-align:center;vertical-align:middle;padding-top:4px;padding-right:5px;padding-bottom:4px;padding-left:5px;border-width:1px\" data-border-color=\"#72662a\">20&prime; + 20&prime;<\/td><\/tr><\/tbody><\/table>\n\n\n\n<p><\/p>\n","protected":false},"excerpt":{"rendered":"<p>Le BTS NDRC forme des vendeurs&nbsp; et des managers commerciaux sp\u00e9cialis\u00e9s dans la relation client, de la prospection \u00e0&nbsp; la fid\u00e9lisation, de l\u2019animation commerciale \u00e0 la d\u00e9mat\u00e9rialisation des \u00e9changes. commercial g\u00e9n\u00e9raliste, capable d\u2019exercer dans tous les secteurs d\u2019activit\u00e9s et dans tout type d\u2019organisation, avec tout type de client\u00e8le (B to B, B to C, B &hellip; <\/p>\n<p><a class=\"more-link btn\" href=\"https:\/\/lycee-raynouard.fr\/index.php\/bts-negociation-digitalisation-de-la-relation-clients\/\">Lire la suite<\/a><\/p>\n","protected":false},"author":1,"featured_media":0,"parent":0,"menu_order":0,"comment_status":"closed","ping_status":"closed","template":"","meta":{"_uag_custom_page_level_css":"","advgb_blocks_editor_width":"","advgb_blocks_columns_visual_guide":"","ngg_post_thumbnail":0,"footnotes":""},"class_list":["post-3043","page","type-page","status-publish","hentry","nodate","item-wrap"],"yoast_head":"<!-- This site is optimized with the Yoast SEO plugin v25.8 - https:\/\/yoast.com\/wordpress\/plugins\/seo\/ -->\n<title>BTS N\u00e9gociation Digitalisation de la Relation Clients - Lyc\u00e9e Polyvalent Raynouard<\/title>\n<meta name=\"robots\" content=\"index, follow, max-snippet:-1, max-image-preview:large, max-video-preview:-1\" \/>\n<link rel=\"canonical\" href=\"https:\/\/lycee-raynouard.fr\/index.php\/bts-negociation-digitalisation-de-la-relation-clients\/\" \/>\n<meta property=\"og:locale\" content=\"fr_FR\" \/>\n<meta property=\"og:type\" content=\"article\" \/>\n<meta property=\"og:title\" content=\"BTS N\u00e9gociation Digitalisation de la Relation Clients - Lyc\u00e9e Polyvalent Raynouard\" \/>\n<meta property=\"og:description\" content=\"Le BTS NDRC forme des vendeurs&nbsp; et des managers commerciaux sp\u00e9cialis\u00e9s dans la relation client, de la prospection \u00e0&nbsp; la fid\u00e9lisation, de l\u2019animation commerciale \u00e0 la d\u00e9mat\u00e9rialisation des \u00e9changes. commercial g\u00e9n\u00e9raliste, capable d\u2019exercer dans tous les secteurs d\u2019activit\u00e9s et dans tout type d\u2019organisation, avec tout type de client\u00e8le (B to B, B to C, B &hellip; Lire la suite\" \/>\n<meta property=\"og:url\" content=\"https:\/\/lycee-raynouard.fr\/index.php\/bts-negociation-digitalisation-de-la-relation-clients\/\" \/>\n<meta property=\"og:site_name\" content=\"Lyc\u00e9e Polyvalent Raynouard\" \/>\n<meta property=\"article:modified_time\" content=\"2020-03-02T23:28:06+00:00\" \/>\n<meta property=\"og:image\" content=\"https:\/\/lycee-raynouard.fr\/wp-content\/uploads\/2020\/03\/Image1.png\" \/>\n<meta name=\"twitter:card\" content=\"summary_large_image\" \/>\n<meta name=\"twitter:label1\" content=\"Dur\u00e9e de lecture estim\u00e9e\" \/>\n\t<meta name=\"twitter:data1\" content=\"2 minutes\" \/>\n<script type=\"application\/ld+json\" class=\"yoast-schema-graph\">{\"@context\":\"https:\/\/schema.org\",\"@graph\":[{\"@type\":\"WebPage\",\"@id\":\"https:\/\/lycee-raynouard.fr\/index.php\/bts-negociation-digitalisation-de-la-relation-clients\/\",\"url\":\"https:\/\/lycee-raynouard.fr\/index.php\/bts-negociation-digitalisation-de-la-relation-clients\/\",\"name\":\"BTS N\u00e9gociation Digitalisation de la Relation Clients - Lyc\u00e9e Polyvalent Raynouard\",\"isPartOf\":{\"@id\":\"https:\/\/lycee-raynouard.fr\/#website\"},\"primaryImageOfPage\":{\"@id\":\"https:\/\/lycee-raynouard.fr\/index.php\/bts-negociation-digitalisation-de-la-relation-clients\/#primaryimage\"},\"image\":{\"@id\":\"https:\/\/lycee-raynouard.fr\/index.php\/bts-negociation-digitalisation-de-la-relation-clients\/#primaryimage\"},\"thumbnailUrl\":\"https:\/\/lycee-raynouard.fr\/wp-content\/uploads\/2020\/03\/Image1.png\",\"datePublished\":\"2020-03-02T16:53:56+00:00\",\"dateModified\":\"2020-03-02T23:28:06+00:00\",\"breadcrumb\":{\"@id\":\"https:\/\/lycee-raynouard.fr\/index.php\/bts-negociation-digitalisation-de-la-relation-clients\/#breadcrumb\"},\"inLanguage\":\"fr-FR\",\"potentialAction\":[{\"@type\":\"ReadAction\",\"target\":[\"https:\/\/lycee-raynouard.fr\/index.php\/bts-negociation-digitalisation-de-la-relation-clients\/\"]}]},{\"@type\":\"ImageObject\",\"inLanguage\":\"fr-FR\",\"@id\":\"https:\/\/lycee-raynouard.fr\/index.php\/bts-negociation-digitalisation-de-la-relation-clients\/#primaryimage\",\"url\":\"https:\/\/lycee-raynouard.fr\/wp-content\/uploads\/2020\/03\/Image1.png\",\"contentUrl\":\"https:\/\/lycee-raynouard.fr\/wp-content\/uploads\/2020\/03\/Image1.png\",\"width\":409,\"height\":165},{\"@type\":\"BreadcrumbList\",\"@id\":\"https:\/\/lycee-raynouard.fr\/index.php\/bts-negociation-digitalisation-de-la-relation-clients\/#breadcrumb\",\"itemListElement\":[{\"@type\":\"ListItem\",\"position\":1,\"name\":\"Accueil\",\"item\":\"https:\/\/lycee-raynouard.fr\/\"},{\"@type\":\"ListItem\",\"position\":2,\"name\":\"BTS N\u00e9gociation Digitalisation de la Relation Clients\"}]},{\"@type\":\"WebSite\",\"@id\":\"https:\/\/lycee-raynouard.fr\/#website\",\"url\":\"https:\/\/lycee-raynouard.fr\/\",\"name\":\"Lyc\u00e9e Polyvalent Raynouard\",\"description\":\"Brignoles\",\"potentialAction\":[{\"@type\":\"SearchAction\",\"target\":{\"@type\":\"EntryPoint\",\"urlTemplate\":\"https:\/\/lycee-raynouard.fr\/?s={search_term_string}\"},\"query-input\":{\"@type\":\"PropertyValueSpecification\",\"valueRequired\":true,\"valueName\":\"search_term_string\"}}],\"inLanguage\":\"fr-FR\"}]}<\/script>\n<!-- \/ Yoast SEO plugin. -->","yoast_head_json":{"title":"BTS N\u00e9gociation Digitalisation de la Relation Clients - Lyc\u00e9e Polyvalent Raynouard","robots":{"index":"index","follow":"follow","max-snippet":"max-snippet:-1","max-image-preview":"max-image-preview:large","max-video-preview":"max-video-preview:-1"},"canonical":"https:\/\/lycee-raynouard.fr\/index.php\/bts-negociation-digitalisation-de-la-relation-clients\/","og_locale":"fr_FR","og_type":"article","og_title":"BTS N\u00e9gociation Digitalisation de la Relation Clients - Lyc\u00e9e Polyvalent Raynouard","og_description":"Le BTS NDRC forme des vendeurs&nbsp; et des managers commerciaux sp\u00e9cialis\u00e9s dans la relation client, de la prospection \u00e0&nbsp; la fid\u00e9lisation, de l\u2019animation commerciale \u00e0 la d\u00e9mat\u00e9rialisation des \u00e9changes. commercial g\u00e9n\u00e9raliste, capable d\u2019exercer dans tous les secteurs d\u2019activit\u00e9s et dans tout type d\u2019organisation, avec tout type de client\u00e8le (B to B, B to C, B &hellip; Lire la suite","og_url":"https:\/\/lycee-raynouard.fr\/index.php\/bts-negociation-digitalisation-de-la-relation-clients\/","og_site_name":"Lyc\u00e9e Polyvalent Raynouard","article_modified_time":"2020-03-02T23:28:06+00:00","og_image":[{"url":"https:\/\/lycee-raynouard.fr\/wp-content\/uploads\/2020\/03\/Image1.png","type":"","width":"","height":""}],"twitter_card":"summary_large_image","twitter_misc":{"Dur\u00e9e de lecture estim\u00e9e":"2 minutes"},"schema":{"@context":"https:\/\/schema.org","@graph":[{"@type":"WebPage","@id":"https:\/\/lycee-raynouard.fr\/index.php\/bts-negociation-digitalisation-de-la-relation-clients\/","url":"https:\/\/lycee-raynouard.fr\/index.php\/bts-negociation-digitalisation-de-la-relation-clients\/","name":"BTS N\u00e9gociation Digitalisation de la Relation Clients - Lyc\u00e9e Polyvalent Raynouard","isPartOf":{"@id":"https:\/\/lycee-raynouard.fr\/#website"},"primaryImageOfPage":{"@id":"https:\/\/lycee-raynouard.fr\/index.php\/bts-negociation-digitalisation-de-la-relation-clients\/#primaryimage"},"image":{"@id":"https:\/\/lycee-raynouard.fr\/index.php\/bts-negociation-digitalisation-de-la-relation-clients\/#primaryimage"},"thumbnailUrl":"https:\/\/lycee-raynouard.fr\/wp-content\/uploads\/2020\/03\/Image1.png","datePublished":"2020-03-02T16:53:56+00:00","dateModified":"2020-03-02T23:28:06+00:00","breadcrumb":{"@id":"https:\/\/lycee-raynouard.fr\/index.php\/bts-negociation-digitalisation-de-la-relation-clients\/#breadcrumb"},"inLanguage":"fr-FR","potentialAction":[{"@type":"ReadAction","target":["https:\/\/lycee-raynouard.fr\/index.php\/bts-negociation-digitalisation-de-la-relation-clients\/"]}]},{"@type":"ImageObject","inLanguage":"fr-FR","@id":"https:\/\/lycee-raynouard.fr\/index.php\/bts-negociation-digitalisation-de-la-relation-clients\/#primaryimage","url":"https:\/\/lycee-raynouard.fr\/wp-content\/uploads\/2020\/03\/Image1.png","contentUrl":"https:\/\/lycee-raynouard.fr\/wp-content\/uploads\/2020\/03\/Image1.png","width":409,"height":165},{"@type":"BreadcrumbList","@id":"https:\/\/lycee-raynouard.fr\/index.php\/bts-negociation-digitalisation-de-la-relation-clients\/#breadcrumb","itemListElement":[{"@type":"ListItem","position":1,"name":"Accueil","item":"https:\/\/lycee-raynouard.fr\/"},{"@type":"ListItem","position":2,"name":"BTS N\u00e9gociation Digitalisation de la Relation Clients"}]},{"@type":"WebSite","@id":"https:\/\/lycee-raynouard.fr\/#website","url":"https:\/\/lycee-raynouard.fr\/","name":"Lyc\u00e9e Polyvalent Raynouard","description":"Brignoles","potentialAction":[{"@type":"SearchAction","target":{"@type":"EntryPoint","urlTemplate":"https:\/\/lycee-raynouard.fr\/?s={search_term_string}"},"query-input":{"@type":"PropertyValueSpecification","valueRequired":true,"valueName":"search_term_string"}}],"inLanguage":"fr-FR"}]}},"uagb_featured_image_src":{"full":false,"thumbnail":false,"medium":false,"medium_large":false,"large":false,"1536x1536":false,"2048x2048":false,"graphene_slider":false,"graphene_featured_image":false,"post-thumbnail":false,"mailpoet_newsletter_max":false},"uagb_author_info":{"display_name":"adminray","author_link":"https:\/\/lycee-raynouard.fr\/index.php\/author\/adminray\/"},"uagb_comment_info":0,"uagb_excerpt":"Le BTS NDRC forme des vendeurs&nbsp; et des managers commerciaux sp\u00e9cialis\u00e9s dans la relation client, de la prospection \u00e0&nbsp; la fid\u00e9lisation, de l\u2019animation commerciale \u00e0 la d\u00e9mat\u00e9rialisation des \u00e9changes. commercial g\u00e9n\u00e9raliste, capable d\u2019exercer dans tous les secteurs d\u2019activit\u00e9s et dans tout type d\u2019organisation, avec tout type de client\u00e8le (B to B, B to C, B\u2026","coauthors":[],"author_meta":{"author_link":"https:\/\/lycee-raynouard.fr\/index.php\/author\/adminray\/","display_name":"adminray"},"relative_dates":{"created":"Publi\u00e9 6 ans il y a","modified":"Mis \u00e0 jour 6 ans il y a"},"absolute_dates":{"created":"Publi\u00e9 le 2 mars 2020","modified":"Mise \u00e0 jour le 3 mars 2020"},"absolute_dates_time":{"created":"Publi\u00e9 le 2 mars 2020 17 h 53 min","modified":"Mise \u00e0 jour le 3 mars 2020 0 h 28 min"},"featured_img_caption":"","featured_img":false,"series_order":"","_links":{"self":[{"href":"https:\/\/lycee-raynouard.fr\/index.php\/wp-json\/wp\/v2\/pages\/3043","targetHints":{"allow":["GET"]}}],"collection":[{"href":"https:\/\/lycee-raynouard.fr\/index.php\/wp-json\/wp\/v2\/pages"}],"about":[{"href":"https:\/\/lycee-raynouard.fr\/index.php\/wp-json\/wp\/v2\/types\/page"}],"author":[{"embeddable":true,"href":"https:\/\/lycee-raynouard.fr\/index.php\/wp-json\/wp\/v2\/users\/1"}],"replies":[{"embeddable":true,"href":"https:\/\/lycee-raynouard.fr\/index.php\/wp-json\/wp\/v2\/comments?post=3043"}],"version-history":[{"count":10,"href":"https:\/\/lycee-raynouard.fr\/index.php\/wp-json\/wp\/v2\/pages\/3043\/revisions"}],"predecessor-version":[{"id":3712,"href":"https:\/\/lycee-raynouard.fr\/index.php\/wp-json\/wp\/v2\/pages\/3043\/revisions\/3712"}],"wp:attachment":[{"href":"https:\/\/lycee-raynouard.fr\/index.php\/wp-json\/wp\/v2\/media?parent=3043"}],"curies":[{"name":"wp","href":"https:\/\/api.w.org\/{rel}","templated":true}]}}