{"id":3348,"date":"2020-07-03T11:18:53","date_gmt":"2020-07-03T09:18:53","guid":{"rendered":"http:\/\/lycee-raynouard.fr\/?page_id=3348"},"modified":"2020-07-03T14:41:42","modified_gmt":"2020-07-03T12:41:42","slug":"projets-europeens","status":"publish","type":"page","link":"https:\/\/lycee-raynouard.fr\/index.php\/projets-europeens\/","title":{"rendered":"Projets Europ\u00e9ens"},"content":{"rendered":"\n<div class=\"wp-block-uagb-buttons uagb-buttons__outer-wrap uagb-block-a0f16922\"><div class=\"uagb-buttons__wrap uagb-buttons-layout-wrap\">\n<div class=\"wp-block-uagb-buttons-child uagb-buttons__outer-wrap uagb-block-1de03b28 wp-block-button\"><div class=\"uagb-button__wrapper\"><a class=\"uagb-buttons-repeater wp-block-button__link\" href=\"\/\/lycee-raynouard.fr\/index.php\/plan-de-developpement-europeen-du-lycee-polyvalent-francois-raynouard\/\" rel=\"noopener noreferrer\" target=\"_self\"><div class=\"uagb-button__link\">Le Plan de d\u00e9veloppement europ\u00e9en<\/div><\/a><\/div><\/div>\n\n\n\n<div class=\"wp-block-uagb-buttons-child uagb-buttons__outer-wrap uagb-block-0d525046 wp-block-button\"><div class=\"uagb-button__wrapper\"><a class=\"uagb-buttons-repeater wp-block-button__link\" href=\"\/\/lycee-raynouard.fr\/index.php\/projets-erasmus\/\" rel=\"noopener noreferrer\" target=\"_self\"><div class=\"uagb-button__link\">Projets Erasmus+<\/div><\/a><\/div><\/div>\n<\/div><\/div>\n\n\n\n<p><\/p>\n","protected":false},"excerpt":{"rendered":"","protected":false},"author":1,"featured_media":0,"parent":0,"menu_order":0,"comment_status":"closed","ping_status":"closed","template":"","meta":{"_uag_custom_page_level_css":"","advgb_blocks_editor_width":"","advgb_blocks_columns_visual_guide":"","ngg_post_thumbnail":0,"footnotes":""},"class_list":["post-3348","page","type-page","status-publish","hentry","nodate","item-wrap"],"yoast_head":"<!-- This site is optimized with the Yoast SEO plugin v25.8 - https:\/\/yoast.com\/wordpress\/plugins\/seo\/ -->\n<title>Projets Europ\u00e9ens - Lyc\u00e9e Polyvalent Raynouard<\/title>\n<meta name=\"robots\" content=\"index, follow, max-snippet:-1, max-image-preview:large, max-video-preview:-1\" \/>\n<link rel=\"canonical\" href=\"https:\/\/lycee-raynouard.fr\/index.php\/projets-europeens\/\" \/>\n<meta property=\"og:locale\" content=\"fr_FR\" \/>\n<meta property=\"og:type\" content=\"article\" \/>\n<meta property=\"og:title\" content=\"Projets Europ\u00e9ens - Lyc\u00e9e Polyvalent Raynouard\" \/>\n<meta property=\"og:url\" content=\"https:\/\/lycee-raynouard.fr\/index.php\/projets-europeens\/\" \/>\n<meta property=\"og:site_name\" content=\"Lyc\u00e9e Polyvalent Raynouard\" \/>\n<meta property=\"article:modified_time\" content=\"2020-07-03T12:41:42+00:00\" \/>\n<meta name=\"twitter:card\" content=\"summary_large_image\" \/>\n<script type=\"application\/ld+json\" class=\"yoast-schema-graph\">{\"@context\":\"https:\/\/schema.org\",\"@graph\":[{\"@type\":\"WebPage\",\"@id\":\"https:\/\/lycee-raynouard.fr\/index.php\/projets-europeens\/\",\"url\":\"https:\/\/lycee-raynouard.fr\/index.php\/projets-europeens\/\",\"name\":\"Projets Europ\u00e9ens - Lyc\u00e9e Polyvalent Raynouard\",\"isPartOf\":{\"@id\":\"https:\/\/lycee-raynouard.fr\/#website\"},\"datePublished\":\"2020-07-03T09:18:53+00:00\",\"dateModified\":\"2020-07-03T12:41:42+00:00\",\"breadcrumb\":{\"@id\":\"https:\/\/lycee-raynouard.fr\/index.php\/projets-europeens\/#breadcrumb\"},\"inLanguage\":\"fr-FR\",\"potentialAction\":[{\"@type\":\"ReadAction\",\"target\":[\"https:\/\/lycee-raynouard.fr\/index.php\/projets-europeens\/\"]}]},{\"@type\":\"BreadcrumbList\",\"@id\":\"https:\/\/lycee-raynouard.fr\/index.php\/projets-europeens\/#breadcrumb\",\"itemListElement\":[{\"@type\":\"ListItem\",\"position\":1,\"name\":\"Accueil\",\"item\":\"https:\/\/lycee-raynouard.fr\/\"},{\"@type\":\"ListItem\",\"position\":2,\"name\":\"Projets Europ\u00e9ens\"}]},{\"@type\":\"WebSite\",\"@id\":\"https:\/\/lycee-raynouard.fr\/#website\",\"url\":\"https:\/\/lycee-raynouard.fr\/\",\"name\":\"Lyc\u00e9e Polyvalent Raynouard\",\"description\":\"Brignoles\",\"potentialAction\":[{\"@type\":\"SearchAction\",\"target\":{\"@type\":\"EntryPoint\",\"urlTemplate\":\"https:\/\/lycee-raynouard.fr\/?s={search_term_string}\"},\"query-input\":{\"@type\":\"PropertyValueSpecification\",\"valueRequired\":true,\"valueName\":\"search_term_string\"}}],\"inLanguage\":\"fr-FR\"}]}<\/script>\n<!-- \/ Yoast SEO plugin. -->","yoast_head_json":{"title":"Projets Europ\u00e9ens - Lyc\u00e9e Polyvalent Raynouard","robots":{"index":"index","follow":"follow","max-snippet":"max-snippet:-1","max-image-preview":"max-image-preview:large","max-video-preview":"max-video-preview:-1"},"canonical":"https:\/\/lycee-raynouard.fr\/index.php\/projets-europeens\/","og_locale":"fr_FR","og_type":"article","og_title":"Projets Europ\u00e9ens - Lyc\u00e9e Polyvalent Raynouard","og_url":"https:\/\/lycee-raynouard.fr\/index.php\/projets-europeens\/","og_site_name":"Lyc\u00e9e Polyvalent Raynouard","article_modified_time":"2020-07-03T12:41:42+00:00","twitter_card":"summary_large_image","schema":{"@context":"https:\/\/schema.org","@graph":[{"@type":"WebPage","@id":"https:\/\/lycee-raynouard.fr\/index.php\/projets-europeens\/","url":"https:\/\/lycee-raynouard.fr\/index.php\/projets-europeens\/","name":"Projets Europ\u00e9ens - Lyc\u00e9e Polyvalent Raynouard","isPartOf":{"@id":"https:\/\/lycee-raynouard.fr\/#website"},"datePublished":"2020-07-03T09:18:53+00:00","dateModified":"2020-07-03T12:41:42+00:00","breadcrumb":{"@id":"https:\/\/lycee-raynouard.fr\/index.php\/projets-europeens\/#breadcrumb"},"inLanguage":"fr-FR","potentialAction":[{"@type":"ReadAction","target":["https:\/\/lycee-raynouard.fr\/index.php\/projets-europeens\/"]}]},{"@type":"BreadcrumbList","@id":"https:\/\/lycee-raynouard.fr\/index.php\/projets-europeens\/#breadcrumb","itemListElement":[{"@type":"ListItem","position":1,"name":"Accueil","item":"https:\/\/lycee-raynouard.fr\/"},{"@type":"ListItem","position":2,"name":"Projets Europ\u00e9ens"}]},{"@type":"WebSite","@id":"https:\/\/lycee-raynouard.fr\/#website","url":"https:\/\/lycee-raynouard.fr\/","name":"Lyc\u00e9e Polyvalent Raynouard","description":"Brignoles","potentialAction":[{"@type":"SearchAction","target":{"@type":"EntryPoint","urlTemplate":"https:\/\/lycee-raynouard.fr\/?s={search_term_string}"},"query-input":{"@type":"PropertyValueSpecification","valueRequired":true,"valueName":"search_term_string"}}],"inLanguage":"fr-FR"}]}},"uagb_featured_image_src":{"full":false,"thumbnail":false,"medium":false,"medium_large":false,"large":false,"1536x1536":false,"2048x2048":false,"graphene_slider":false,"graphene_featured_image":false,"post-thumbnail":false,"mailpoet_newsletter_max":false},"uagb_author_info":{"display_name":"adminray","author_link":"https:\/\/lycee-raynouard.fr\/index.php\/author\/adminray\/"},"uagb_comment_info":0,"uagb_excerpt":null,"coauthors":[],"author_meta":{"author_link":"https:\/\/lycee-raynouard.fr\/index.php\/author\/adminray\/","display_name":"adminray"},"relative_dates":{"created":"Publi\u00e9 6 ans il y a","modified":"Mis \u00e0 jour 6 ans il y a"},"absolute_dates":{"created":"Publi\u00e9 le 3 juillet 2020","modified":"Mise \u00e0 jour le 3 juillet 2020"},"absolute_dates_time":{"created":"Publi\u00e9 le 3 juillet 2020 11 h 18 min","modified":"Mise \u00e0 jour le 3 juillet 2020 14 h 41 min"},"featured_img_caption":"","featured_img":false,"series_order":"","_links":{"self":[{"href":"https:\/\/lycee-raynouard.fr\/index.php\/wp-json\/wp\/v2\/pages\/3348","targetHints":{"allow":["GET"]}}],"collection":[{"href":"https:\/\/lycee-raynouard.fr\/index.php\/wp-json\/wp\/v2\/pages"}],"about":[{"href":"https:\/\/lycee-raynouard.fr\/index.php\/wp-json\/wp\/v2\/types\/page"}],"author":[{"embeddable":true,"href":"https:\/\/lycee-raynouard.fr\/index.php\/wp-json\/wp\/v2\/users\/1"}],"replies":[{"embeddable":true,"href":"https:\/\/lycee-raynouard.fr\/index.php\/wp-json\/wp\/v2\/comments?post=3348"}],"version-history":[{"count":4,"href":"https:\/\/lycee-raynouard.fr\/index.php\/wp-json\/wp\/v2\/pages\/3348\/revisions"}],"predecessor-version":[{"id":3371,"href":"https:\/\/lycee-raynouard.fr\/index.php\/wp-json\/wp\/v2\/pages\/3348\/revisions\/3371"}],"wp:attachment":[{"href":"https:\/\/lycee-raynouard.fr\/index.php\/wp-json\/wp\/v2\/media?parent=3348"}],"curies":[{"name":"wp","href":"https:\/\/api.w.org\/{rel}","templated":true}]}}