{"id":3621,"date":"2021-03-17T10:11:15","date_gmt":"2021-03-17T09:11:15","guid":{"rendered":"https:\/\/lycee-raynouard.fr\/?page_id=3621"},"modified":"2025-03-17T14:13:28","modified_gmt":"2025-03-17T13:13:28","slug":"les-reglements","status":"publish","type":"page","link":"https:\/\/lycee-raynouard.fr\/index.php\/les-reglements\/","title":{"rendered":"les r\u00e8glements"},"content":{"rendered":"\n<div class=\"wp-block-cover has-small-font-size\" style=\"min-height:180px;aspect-ratio:unset;\"><span aria-hidden=\"true\" class=\"wp-block-cover__background has-background-dim-100 has-background-dim\" style=\"background-color:#65279f\"><\/span><div class=\"wp-block-cover__inner-container is-layout-flow wp-block-cover-is-layout-flow\">\n<p class=\"has-drop-cap has-text-align-left\" style=\"font-size:28px\">Les r\u00e8glements au LPO Raynouard<\/p>\n<\/div><\/div>\n\n\n\n<p>Vous pouvez consulter les r\u00e8glements en vigueur au Lyc\u00e9e Raynouard (RI \/ SAH \/ charte informatique) ainsi que les information sur le traitement des donn\u00e9es personnelles en vous rapportant aux documents suivants:<\/p>\n\n\n\n<div data-wp-interactive=\"core\/file\" class=\"wp-block-file\"><object data-wp-bind--hidden=\"!state.hasPdfPreview\" hidden class=\"wp-block-file__embed\" data=\"https:\/\/lycee-raynouard.fr\/wp-content\/uploads\/2025\/03\/RI-vote-CA-04-03-2025.pdf\" type=\"application\/pdf\" style=\"width:100%;height:600px\" aria-label=\"Contenu embarqu\u00e9 RI vote\u0301 CA 04 03 2025.\"><\/object><a id=\"wp-block-file--media-61671570-c7b8-4bcf-871c-c67caa2afc80\" href=\"https:\/\/lycee-raynouard.fr\/wp-content\/uploads\/2025\/03\/RI-vote-CA-04-03-2025.pdf\">RI vote\u0301 CA 04 03 2025<\/a><a href=\"https:\/\/lycee-raynouard.fr\/wp-content\/uploads\/2025\/03\/RI-vote-CA-04-03-2025.pdf\" class=\"wp-block-file__button wp-element-button\" download aria-describedby=\"wp-block-file--media-61671570-c7b8-4bcf-871c-c67caa2afc80\">T\u00e9l\u00e9charger<\/a><\/div>\n\n\n\n<div data-wp-interactive=\"core\/file\" class=\"wp-block-file\"><object data-wp-bind--hidden=\"!state.hasPdfPreview\" hidden class=\"wp-block-file__embed\" data=\"https:\/\/lycee-raynouard.fr\/wp-content\/uploads\/2023\/08\/Annexe-3-donnees-personnelles.pdf\" type=\"application\/pdf\" style=\"width:100%;height:600px\" aria-label=\"Contenu embarqu\u00e9 Annexe-3-donnees-personnelles.\"><\/object><a id=\"wp-block-file--media-9127f6ac-f325-49a3-926e-3f19e93a7aa5\" href=\"https:\/\/lycee-raynouard.fr\/wp-content\/uploads\/2023\/08\/Annexe-3-donnees-personnelles.pdf\">Annexe-3-donnees-personnelles<\/a><a href=\"https:\/\/lycee-raynouard.fr\/wp-content\/uploads\/2023\/08\/Annexe-3-donnees-personnelles.pdf\" class=\"wp-block-file__button wp-element-button\" download aria-describedby=\"wp-block-file--media-9127f6ac-f325-49a3-926e-3f19e93a7aa5\">T\u00e9l\u00e9charger<\/a><\/div>\n\n\n\n<div data-wp-interactive=\"core\/file\" class=\"wp-block-file\"><object data-wp-bind--hidden=\"!state.hasPdfPreview\" hidden class=\"wp-block-file__embed\" data=\"https:\/\/lycee-raynouard.fr\/wp-content\/uploads\/2023\/08\/Annexe-4-donnees-personnelles.pdf\" type=\"application\/pdf\" style=\"width:100%;height:600px\" aria-label=\"Contenu embarqu\u00e9 Annexe-4-donnees-personnelles.\"><\/object><a id=\"wp-block-file--media-5a2ec28f-bb76-41c4-bdc8-8907cb541ea1\" href=\"https:\/\/lycee-raynouard.fr\/wp-content\/uploads\/2023\/08\/Annexe-4-donnees-personnelles.pdf\">Annexe-4-donnees-personnelles<\/a><a href=\"https:\/\/lycee-raynouard.fr\/wp-content\/uploads\/2023\/08\/Annexe-4-donnees-personnelles.pdf\" class=\"wp-block-file__button wp-element-button\" download aria-describedby=\"wp-block-file--media-5a2ec28f-bb76-41c4-bdc8-8907cb541ea1\">T\u00e9l\u00e9charger<\/a><\/div>\n","protected":false},"excerpt":{"rendered":"<p>Vous pouvez consulter les r\u00e8glements en vigueur au Lyc\u00e9e Raynouard (RI \/ SAH \/ charte informatique) ainsi que les information sur le traitement des donn\u00e9es personnelles en vous rapportant aux documents suivants:<\/p>\n","protected":false},"author":1,"featured_media":0,"parent":0,"menu_order":0,"comment_status":"closed","ping_status":"closed","template":"","meta":{"_uag_custom_page_level_css":"","advgb_blocks_editor_width":"","advgb_blocks_columns_visual_guide":"","ngg_post_thumbnail":0,"footnotes":""},"class_list":["post-3621","page","type-page","status-publish","hentry","nodate","item-wrap"],"yoast_head":"<!-- This site is optimized with the Yoast SEO plugin v25.8 - https:\/\/yoast.com\/wordpress\/plugins\/seo\/ -->\n<title>les r\u00e8glements - Lyc\u00e9e Polyvalent Raynouard<\/title>\n<meta name=\"robots\" content=\"index, follow, max-snippet:-1, max-image-preview:large, max-video-preview:-1\" \/>\n<link rel=\"canonical\" href=\"https:\/\/lycee-raynouard.fr\/index.php\/les-reglements\/\" \/>\n<meta property=\"og:locale\" content=\"fr_FR\" \/>\n<meta property=\"og:type\" content=\"article\" \/>\n<meta property=\"og:title\" content=\"les r\u00e8glements - Lyc\u00e9e Polyvalent Raynouard\" \/>\n<meta property=\"og:description\" content=\"Vous pouvez consulter les r\u00e8glements en vigueur au Lyc\u00e9e Raynouard (RI \/ SAH \/ charte informatique) ainsi que les information sur le traitement des donn\u00e9es personnelles en vous rapportant aux documents suivants:\" \/>\n<meta property=\"og:url\" content=\"https:\/\/lycee-raynouard.fr\/index.php\/les-reglements\/\" \/>\n<meta property=\"og:site_name\" content=\"Lyc\u00e9e Polyvalent Raynouard\" \/>\n<meta property=\"article:modified_time\" content=\"2025-03-17T13:13:28+00:00\" \/>\n<meta name=\"twitter:card\" content=\"summary_large_image\" \/>\n<meta name=\"twitter:label1\" content=\"Dur\u00e9e de lecture estim\u00e9e\" \/>\n\t<meta name=\"twitter:data1\" content=\"1 minute\" \/>\n<script type=\"application\/ld+json\" class=\"yoast-schema-graph\">{\"@context\":\"https:\/\/schema.org\",\"@graph\":[{\"@type\":\"WebPage\",\"@id\":\"https:\/\/lycee-raynouard.fr\/index.php\/les-reglements\/\",\"url\":\"https:\/\/lycee-raynouard.fr\/index.php\/les-reglements\/\",\"name\":\"les r\u00e8glements - Lyc\u00e9e Polyvalent Raynouard\",\"isPartOf\":{\"@id\":\"https:\/\/lycee-raynouard.fr\/#website\"},\"datePublished\":\"2021-03-17T09:11:15+00:00\",\"dateModified\":\"2025-03-17T13:13:28+00:00\",\"breadcrumb\":{\"@id\":\"https:\/\/lycee-raynouard.fr\/index.php\/les-reglements\/#breadcrumb\"},\"inLanguage\":\"fr-FR\",\"potentialAction\":[{\"@type\":\"ReadAction\",\"target\":[\"https:\/\/lycee-raynouard.fr\/index.php\/les-reglements\/\"]}]},{\"@type\":\"BreadcrumbList\",\"@id\":\"https:\/\/lycee-raynouard.fr\/index.php\/les-reglements\/#breadcrumb\",\"itemListElement\":[{\"@type\":\"ListItem\",\"position\":1,\"name\":\"Accueil\",\"item\":\"https:\/\/lycee-raynouard.fr\/\"},{\"@type\":\"ListItem\",\"position\":2,\"name\":\"les r\u00e8glements\"}]},{\"@type\":\"WebSite\",\"@id\":\"https:\/\/lycee-raynouard.fr\/#website\",\"url\":\"https:\/\/lycee-raynouard.fr\/\",\"name\":\"Lyc\u00e9e Polyvalent Raynouard\",\"description\":\"Brignoles\",\"potentialAction\":[{\"@type\":\"SearchAction\",\"target\":{\"@type\":\"EntryPoint\",\"urlTemplate\":\"https:\/\/lycee-raynouard.fr\/?s={search_term_string}\"},\"query-input\":{\"@type\":\"PropertyValueSpecification\",\"valueRequired\":true,\"valueName\":\"search_term_string\"}}],\"inLanguage\":\"fr-FR\"}]}<\/script>\n<!-- \/ Yoast SEO plugin. -->","yoast_head_json":{"title":"les r\u00e8glements - Lyc\u00e9e Polyvalent Raynouard","robots":{"index":"index","follow":"follow","max-snippet":"max-snippet:-1","max-image-preview":"max-image-preview:large","max-video-preview":"max-video-preview:-1"},"canonical":"https:\/\/lycee-raynouard.fr\/index.php\/les-reglements\/","og_locale":"fr_FR","og_type":"article","og_title":"les r\u00e8glements - Lyc\u00e9e Polyvalent Raynouard","og_description":"Vous pouvez consulter les r\u00e8glements en vigueur au Lyc\u00e9e Raynouard (RI \/ SAH \/ charte informatique) ainsi que les information sur le traitement des donn\u00e9es personnelles en vous rapportant aux documents suivants:","og_url":"https:\/\/lycee-raynouard.fr\/index.php\/les-reglements\/","og_site_name":"Lyc\u00e9e Polyvalent Raynouard","article_modified_time":"2025-03-17T13:13:28+00:00","twitter_card":"summary_large_image","twitter_misc":{"Dur\u00e9e de lecture estim\u00e9e":"1 minute"},"schema":{"@context":"https:\/\/schema.org","@graph":[{"@type":"WebPage","@id":"https:\/\/lycee-raynouard.fr\/index.php\/les-reglements\/","url":"https:\/\/lycee-raynouard.fr\/index.php\/les-reglements\/","name":"les r\u00e8glements - Lyc\u00e9e Polyvalent Raynouard","isPartOf":{"@id":"https:\/\/lycee-raynouard.fr\/#website"},"datePublished":"2021-03-17T09:11:15+00:00","dateModified":"2025-03-17T13:13:28+00:00","breadcrumb":{"@id":"https:\/\/lycee-raynouard.fr\/index.php\/les-reglements\/#breadcrumb"},"inLanguage":"fr-FR","potentialAction":[{"@type":"ReadAction","target":["https:\/\/lycee-raynouard.fr\/index.php\/les-reglements\/"]}]},{"@type":"BreadcrumbList","@id":"https:\/\/lycee-raynouard.fr\/index.php\/les-reglements\/#breadcrumb","itemListElement":[{"@type":"ListItem","position":1,"name":"Accueil","item":"https:\/\/lycee-raynouard.fr\/"},{"@type":"ListItem","position":2,"name":"les r\u00e8glements"}]},{"@type":"WebSite","@id":"https:\/\/lycee-raynouard.fr\/#website","url":"https:\/\/lycee-raynouard.fr\/","name":"Lyc\u00e9e Polyvalent Raynouard","description":"Brignoles","potentialAction":[{"@type":"SearchAction","target":{"@type":"EntryPoint","urlTemplate":"https:\/\/lycee-raynouard.fr\/?s={search_term_string}"},"query-input":{"@type":"PropertyValueSpecification","valueRequired":true,"valueName":"search_term_string"}}],"inLanguage":"fr-FR"}]}},"uagb_featured_image_src":{"full":false,"thumbnail":false,"medium":false,"medium_large":false,"large":false,"1536x1536":false,"2048x2048":false,"graphene_slider":false,"graphene_featured_image":false,"post-thumbnail":false,"mailpoet_newsletter_max":false},"uagb_author_info":{"display_name":"adminray","author_link":"https:\/\/lycee-raynouard.fr\/index.php\/author\/adminray\/"},"uagb_comment_info":0,"uagb_excerpt":"Vous pouvez consulter les r\u00e8glements en vigueur au Lyc\u00e9e Raynouard (RI \/ SAH \/ charte informatique) ainsi que les information sur le traitement des donn\u00e9es personnelles en vous rapportant aux documents suivants:","coauthors":[],"author_meta":{"author_link":"https:\/\/lycee-raynouard.fr\/index.php\/author\/adminray\/","display_name":"adminray"},"relative_dates":{"created":"Publi\u00e9 5 ans il y a","modified":"Mis \u00e0 jour 1 an il y a"},"absolute_dates":{"created":"Publi\u00e9 le 17 mars 2021","modified":"Mise \u00e0 jour le 17 mars 2025"},"absolute_dates_time":{"created":"Publi\u00e9 le 17 mars 2021 10 h 11 min","modified":"Mise \u00e0 jour le 17 mars 2025 14 h 13 min"},"featured_img_caption":"","featured_img":false,"series_order":"","_links":{"self":[{"href":"https:\/\/lycee-raynouard.fr\/index.php\/wp-json\/wp\/v2\/pages\/3621","targetHints":{"allow":["GET"]}}],"collection":[{"href":"https:\/\/lycee-raynouard.fr\/index.php\/wp-json\/wp\/v2\/pages"}],"about":[{"href":"https:\/\/lycee-raynouard.fr\/index.php\/wp-json\/wp\/v2\/types\/page"}],"author":[{"embeddable":true,"href":"https:\/\/lycee-raynouard.fr\/index.php\/wp-json\/wp\/v2\/users\/1"}],"replies":[{"embeddable":true,"href":"https:\/\/lycee-raynouard.fr\/index.php\/wp-json\/wp\/v2\/comments?post=3621"}],"version-history":[{"count":7,"href":"https:\/\/lycee-raynouard.fr\/index.php\/wp-json\/wp\/v2\/pages\/3621\/revisions"}],"predecessor-version":[{"id":5360,"href":"https:\/\/lycee-raynouard.fr\/index.php\/wp-json\/wp\/v2\/pages\/3621\/revisions\/5360"}],"wp:attachment":[{"href":"https:\/\/lycee-raynouard.fr\/index.php\/wp-json\/wp\/v2\/media?parent=3621"}],"curies":[{"name":"wp","href":"https:\/\/api.w.org\/{rel}","templated":true}]}}