{"id":4000,"date":"2022-03-01T11:27:20","date_gmt":"2022-03-01T10:27:20","guid":{"rendered":"https:\/\/lycee-raynouard.fr\/?page_id=4000"},"modified":"2025-10-22T09:05:21","modified_gmt":"2025-10-22T07:05:21","slug":"projet-lettres-sciences-de-la-vie-et-de-la-terre","status":"publish","type":"page","link":"https:\/\/lycee-raynouard.fr\/index.php\/projet-lettres-sciences-de-la-vie-et-de-la-terre\/","title":{"rendered":"Projets Lettres \/ Sciences de la vie et de la terre"},"content":{"rendered":"\n<p><strong>Page ci-dessous con\u00e7ue, g\u00e9r\u00e9e et mise \u00e0 jour par M. JUNG<\/strong><\/p>\n\n\n\n<h2 class=\"wp-block-heading has-white-color has-vivid-purple-background-color has-text-color has-background\">Projets Lettres \/ Sciences de la vie et de la terre<\/h2>\n\n\n<p><span style=\"color: #000000;\"><strong><span style=\"font-size: 12pt;\">Projets men\u00e9s par Mme Innocenti pour les Lettres et M. Jung pour les Sciences de la vie et de la Terre<\/span>.\u00a0<\/strong><\/span>\u00a0 \u00a0 \u00a0 \u00a0 \u00a0 \u00a0<\/p>\n<p><span style=\"color: #000000;\"><b>Objectifs p\u00e9dagogiques des diff\u00e9rents projets :<\/b><\/span><\/p>\n<p style=\"padding-left: 40px;\">Cr\u00e9er un lien interdisciplinaire entre Lettres et Sciences de la vie et de la Terre. <br \/>Les \u00e9l\u00e8ves sont amen\u00e9s \u00e0 croiser les deux disciplines, travailler l&rsquo;expression \u00e9crite et orale, jouer avec les mots et les notions scientifiques, et exprimer leur cr\u00e9ativit\u00e9.<\/p>\n<p style=\"padding-left: 40px;\">Les \u00e9l\u00e8ves d\u00e9couvrent la culture scientifique sur le terrain, les lieux culturels locaux et sont sensibilis\u00e9s aux valeurs citoyennes.<\/p>\n<p style=\"padding-left: 40px;\">Des sorties scolaires sont organis\u00e9es, m\u00ealant Sciences\u00a0 et Th\u00e9\u00e2tre ( \u00ab\u00a0Saigon\u00a0\u00bb et \u00a0\u00bb l&rsquo;Odyss\u00e9e\u00a0\u00bb en 2018-2019,\u00a0 \u00ab\u00a0La vie de Galil\u00e9e\u00a0\u00bb en 2019-2020, \u00ab\u00a0La Fl\u00e8che\u00a0\u00bb en 2020-2021, \u00ab\u00a0Capitaine Fracasse\u00a0\u00bb en 2021-2022 (les sorties pr\u00e9vues en 2020-2022 ont \u00e9t\u00e9 annul\u00e9es \u00e0 cause de la crise sanitaire), \u00ab\u00a0Nom Pr\u00e9nom\u00a0\u00bb en 2022-2023, \u00a0\u00bbVingt mille lieues sous les mers\u00a0\u00bb en 2023-2024, \u00a0\u00bbL&rsquo;excentrique\u00a0\u00bb en 2024-2025, \u00a0\u00bbL&rsquo;excentrique\u00a0\u00bb en 2025-2026<\/p>\n\n\n<h3 class=\"wp-block-heading\" id=\"annee-scolaire-20212022-79a0c85e-3ee7-4359-a412-0f173e6d080a\">Ann\u00e9e scolaire 2025-2026<\/h3>\n\n\n<p><strong>Projet : \u00a0\u00bbApproche interdisciplinaire de l&rsquo;\u0153uvre du peintre proven\u00e7al Paul C\u00e9zanne\u00a0\u00bb<\/strong><b>.<\/b><\/p>\n<p style=\"padding-left: 40px;\"><span style=\"color: #ff00ff;\">Id\u00e9es g\u00e9n\u00e9rales : Travail sur les tableaux d&rsquo;un peintre Aixois de renomm\u00e9e internationale\u00a0 permettant d&rsquo;expliciter les aspects g\u00e9ologiques omnipr\u00e9sents dans les toiles. Etude du roman\u00a0\u00bb L&rsquo;\u0152uvre\u00a0\u00bb d&rsquo;Emile Zola, inspir\u00e9 de son ami de jeunesse devenu peintre . R\u00e9alisation d&rsquo;aquarelles naturalistes<\/span><\/p>\n<p style=\"padding-left: 40px;\">Partenaires : Office du tourisme D&rsquo;Aix en Provence ( Atelier et carri\u00e8res ) \/ Mus\u00e9um d&rsquo;histoire naturelle de Toulon\u00a0 \/ Ecomus\u00e9e d\u00e9partemental des 4 fr\u00e8res \/ S\u00e9bastien Hasbrouck (Aquarelliste naturaliste).<\/p>\n<p style=\"padding-left: 40px;\"><span style=\"color: #0000ff;\">Supports de diffusion : Support num\u00e9rique .<\/span><\/p>\n\n\n<p><strong>Activit\u00e9s et sorties pendant l&rsquo;ann\u00e9e<\/strong> :<\/p>\n\n\n\n<div style=\"width: 100%;\"><div style=\"position: relative; padding-bottom: 56.25%; padding-top: 0; height: 0;\"><iframe loading=\"lazy\" title=\"Petit journal de la seconde 9\" frameborder=\"0\" width=\"1200\" height=\"675\" style=\"position: absolute; top: 0; left: 0; width: 100%; height: 100%;\" src=\"https:\/\/view.genially.com\/68f5f69a438e3795369b5d47\" type=\"text\/html\" allowscriptaccess=\"always\" allowfullscreen=\"true\" scrolling=\"yes\" allownetworking=\"all\"><\/iframe> <\/div> <\/div>\n\n\n\n<p><strong>Travaux des \u00e9l\u00e8ves<\/strong> :<\/p>\n\n\n\n<div style=\"width: 100%;\"><div style=\"position: relative; padding-bottom: 56.25%; padding-top: 0; height: 0;\"><iframe loading=\"lazy\" title=\"Paul C\u00e9zanne\" frameborder=\"0\" width=\"1200\" height=\"675\" style=\"position: absolute; top: 0; left: 0; width: 100%; height: 100%;\" src=\"https:\/\/view.genially.com\/68f872f605ecc15a0b9295b1\" type=\"text\/html\" allowscriptaccess=\"always\" allowfullscreen=\"true\" scrolling=\"yes\" allownetworking=\"all\"><\/iframe> <\/div> <\/div>\n\n\n\n<h3 class=\"wp-block-heading\" id=\"annee-scolaire-20212022-79a0c85e-3ee7-4359-a412-0f173e6d080a\">Ann\u00e9e scolaire 2024-2025<\/h3>\n\n\n<p><strong>Projet : \u00a0\u00bbLa l\u00e9gende des 4 fr\u00e8res: mais qui \u00e9taient ces fr\u00e8res qui ont donn\u00e9 son nom \u00e0 l&rsquo;Ecomus\u00e9e ?\u00a0\u00bb<\/strong><b>.<\/b><\/p>\n<p style=\"padding-left: 40px;\"><span style=\"color: #ff00ff;\">Id\u00e9es g\u00e9n\u00e9rales : Travail d&rsquo;\u00e9criture d&rsquo;une l\u00e9gende sur la Maison des 4 fr\u00e8res guid\u00e9 par une autrice . Travail sur l&rsquo;histoire du site de l&rsquo;Ecomus\u00e9e des 4 fr\u00e8res, r\u00e9daction d&rsquo;un r\u00e9cit d&rsquo;imagination int\u00e9grant des Sciences Naturelles, r\u00e9alisation d&rsquo;aquarelles servant d&rsquo;illustrations pour le r\u00e9cit .\u00a0<\/span><\/p>\n<p style=\"padding-left: 40px;\">Partenaires : Mus\u00e9um d&rsquo;histoire naturelle de Toulon\u00a0 \/ Ecomus\u00e9e d\u00e9partemental des 4 fr\u00e8res \/\u00a0 H\u00e9lo\u00efse Guay de Bellissen (Autrice) \/ Guillaume Mika (com\u00e9dien, r\u00e9alisateur) \/ Andr\u00e9a Pasini (biologiste au CNRS) \/ S\u00e9bastien Hasbrouck (Aquarelliste naturaliste).<\/p>\n<p style=\"padding-left: 40px;\"><span style=\"color: #0000ff;\">Supports de diffusion : Support num\u00e9rique et publication par la r\u00e9gion.<\/span><\/p>\n\n\n<p><strong>Activit\u00e9s et sorties pendant l&rsquo;ann\u00e9e<\/strong> :<\/p>\n\n\n\n<div style=\"width: 100%;\"><div style=\"position: relative; padding-bottom: 56.25%; padding-top: 0; height: 0;\"><iframe loading=\"lazy\" title=\"Petit journal de la seconde 1\" frameborder=\"0\" width=\"1200\" height=\"675\" style=\"position: absolute; top: 0; left: 0; width: 100%; height: 100%;\" src=\"https:\/\/view.genially.com\/66ed1acc9c21d04c08b059f2\" type=\"text\/html\" allowscriptaccess=\"always\" allowfullscreen=\"true\" scrolling=\"yes\" allownetworking=\"all\"><\/iframe> <\/div> <\/div>\n\n\n\n<h3 class=\"wp-block-heading\" id=\"annee-scolaire-20212022-79a0c85e-3ee7-4359-a412-0f173e6d080a\">Ann\u00e9e scolaire 2023-2024<\/h3>\n\n\n<p><strong>Projet : \u00a0\u00bbLes femmes qui ont rendu service \u00e0 l&rsquo;humanit\u00e9\u00a0\u00bb dans les domaines de la biologie et de la biochimie<\/strong><b>.<\/b><\/p>\n<p style=\"padding-left: 40px;\"><span style=\"color: #ff00ff;\">Id\u00e9es g\u00e9n\u00e9rales : Hommage aux laur\u00e9ates du prix Nobel sous la forme de planches illustr\u00e9es. Travail sur l&rsquo;histoire des sciences, r\u00e9daction de textes, r\u00e9alisation de photographies de mise en sc\u00e8ne, r\u00e9alisation de planches illustr\u00e9es.<\/span><\/p>\n<p style=\"padding-left: 40px;\">Partenaires : Mus\u00e9um d&rsquo;histoire naturelle de Toulon\u00a0 \/ Maison d\u00e9partementale de la nature du Plan \u00e0 La Garde\u00a0 \/ Th\u00e9\u00e2tre Libert\u00e9 de Toulon \/ Guillaume Mika (com\u00e9dien, r\u00e9alisateur) \/ Photographe professionnel \/ Aquarelliste naturaliste.<\/p>\n<p style=\"padding-left: 40px;\"><span style=\"color: #0000ff;\">Supports de diffusion : Support num\u00e9rique.<\/span><\/p>\n\n\n<p><strong>Activit\u00e9s et sorties pendant l&rsquo;ann\u00e9e<\/strong> :<\/p>\n\n\n\n<div style=\"width: 100%;\"><div style=\"position: relative; padding-bottom: 56.25%; padding-top: 0; height: 0;\"><iframe loading=\"lazy\" title=\"Petit journal de la seconde 14\" frameborder=\"0\" width=\"1200\" height=\"675\" style=\"position: absolute; top: 0; left: 0; width: 100%; height: 100%;\" src=\"https:\/\/view.genial.ly\/65184136bd70ca00118afb41\" type=\"text\/html\" allowscriptaccess=\"always\" allowfullscreen=\"true\" scrolling=\"yes\" allownetworking=\"all\"><\/iframe> <\/div> <\/div>\n\n\n\n<p><strong>Travaux d&rsquo;\u00e9criture des \u00e9l\u00e8ves<\/strong> :<\/p>\n\n\n\n<div style=\"width: 100%;\"><div style=\"position: relative; padding-bottom: 56.25%; padding-top: 0; height: 0;\"><iframe loading=\"lazy\" title=\"Femmes prix Nobel\" frameborder=\"0\" width=\"1200\" height=\"675\" style=\"position: absolute; top: 0; left: 0; width: 100%; height: 100%;\" src=\"https:\/\/view.genial.ly\/654fc3acedcaff00111e83f6\" type=\"text\/html\" allowscriptaccess=\"always\" allowfullscreen=\"true\" scrolling=\"yes\" allownetworking=\"all\"><\/iframe> <\/div> <\/div>\n\n\n\n<h3 class=\"wp-block-heading\" id=\"annee-scolaire-20212022-79a0c85e-3ee7-4359-a412-0f173e6d080a\">Ann\u00e9e scolaire 2022-2023<\/h3>\n\n\n<p><strong>Projet : Po\u00e9sie scientifique avec illustrations r\u00e9alis\u00e9es par les \u00e9l\u00e8ves ( Aquarelles, photographies)<\/strong><b>.<\/b><\/p>\n<p style=\"padding-left: 40px;\"><span style=\"color: #ff00ff;\">Id\u00e9es g\u00e9n\u00e9rales : Ecriture de textes de diff\u00e9rentes formes po\u00e9tiques autour de corpus de termes scientifiques, r\u00e9alisation de photographies et d&rsquo;aquarelles pour illustrer les textes.<\/span><\/p>\n<p style=\"padding-left: 40px;\">Partenaires : Mus\u00e9um d&rsquo;histoire naturelle de Toulon&nbsp; \/ Maison des Quatre Fr\u00e8res du Beausset&nbsp; \/ Th\u00e9\u00e2tre Libert\u00e9 de Toulon \/ Guillaume Mika (com\u00e9dien, r\u00e9alisateur,&nbsp; animation son) \/ Photographe professionnelle \/ Aquarelliste naturaliste.<\/p>\n<p style=\"padding-left: 40px;\"><span style=\"color: #0000ff;\">Supports de diffusion : Support num\u00e9rique.<\/span><\/p>\n\n\n<p><strong>Activit\u00e9s et sorties pendant l&rsquo;ann\u00e9e<\/strong> :<\/p>\n\n\n\n<div style=\"width: 100%;\"><div style=\"position: relative; padding-bottom: 56.25%; padding-top: 0; height: 0;\"><iframe loading=\"lazy\" title=\"Petit journal de la seconde 12\" frameborder=\"0\" width=\"1200\" height=\"675\" style=\"position: absolute; top: 0; left: 0; width: 100%; height: 100%;\" src=\"https:\/\/view.genial.ly\/633e8f5fa5d5130011b1ec52\" type=\"text\/html\" allowscriptaccess=\"always\" allowfullscreen=\"true\" scrolling=\"yes\" allownetworking=\"all\"><\/iframe> <\/div> <\/div>\n\n\n\n<p><strong>Travaux d&rsquo;\u00e9criture des \u00e9l\u00e8ves<\/strong> :<\/p>\n\n\n\n<div style=\"width: 100%;\"><div style=\"position: relative; padding-bottom: 56.25%; padding-top: 0; height: 0;\"><iframe loading=\"lazy\" title=\"Aquarelles vivantes\" frameborder=\"0\" width=\"1200\" height=\"675\" style=\"position: absolute; top: 0; left: 0; width: 100%; height: 100%;\" src=\"https:\/\/view.genial.ly\/632f0c585cee5e0011337ffa\" type=\"text\/html\" allowscriptaccess=\"always\" allowfullscreen=\"true\" scrolling=\"yes\" allownetworking=\"all\"><\/iframe> <\/div> <\/div>\n\n\n\n<h3 class=\"wp-block-heading\" id=\"annee-scolaire-20212022-79a0c85e-3ee7-4359-a412-0f173e6d080a\">Ann\u00e9e scolaire 2021-2022<\/h3>\n\n\n<p><strong>Projet : Les femmes biologistes oubli\u00e9es dans le cadre de l&rsquo;\u00e9galit\u00e9&nbsp;<\/strong><b>Homme-Femme.<\/b><\/p>\n<p style=\"padding-left: 40px;\"><span style=\"color: #ff00ff;\">Id\u00e9es g\u00e9n\u00e9rales : R\u00e9daction de fictions \u00e0 partir des biographies de femmes scientifiques \/ Mise en voix des textes par les \u00e9l\u00e8ves sur des images anim\u00e9es.<\/span><\/p>\n<p style=\"padding-left: 40px;\">Partenaire : Guillaume Mika (com\u00e9dien, r\u00e9alisateur,&nbsp; animation vid\u00e9o).<\/p>\n<p style=\"padding-left: 40px;\"><span style=\"color: #0000ff;\">Supports de diffusion : Courts films d&rsquo;animation avec la voix des \u00e9l\u00e8ves.<\/span><\/p>\n\n\n<div style=\"width: 100%;\"><div style=\"position: relative; padding-bottom: 56.25%; padding-top: 0; height: 0;\"><iframe loading=\"lazy\" frameborder=\"0\" width=\"1200\" height=\"675\" style=\"position: absolute; top: 0; left: 0; width: 100%; height: 100%;\" src=\"https:\/\/view.genial.ly\/623b37d2483b410011633a68\" type=\"text\/html\" allowscriptaccess=\"always\" allowfullscreen=\"true\" scrolling=\"yes\" allownetworking=\"all\"><\/iframe> <\/div> <\/div>\n\n\n\n<h3 class=\"wp-block-heading\" id=\"annee-scolaire-20192020-9e68fcba-3cd8-4bcc-b3b5-54ffaea60779\">Ann\u00e9e scolaire 2019-2020<\/h3>\n\n\n<p><b>Projet : Po\u00e9sie scientifique.<\/b><\/p>\n<p style=\"padding-left: 40px;\"><span style=\"color: #ff00ff;\">Id\u00e9e g\u00e9n\u00e9rale : Ecriture de textes de diff\u00e9rentes formes po\u00e9tiques autour de corpus de termes scientifiques.<\/span><\/p>\n<p style=\"text-align: left; padding-left: 40px;\">Partenaires : Mus\u00e9um d&rsquo;histoire naturelle de Toulon ( Exposition temporaire Jules Verne \u00ab\u00a0Vingt mille lieux sous les mers\u00a0\u00bb) \/ Maison des Quatre Fr\u00e8res du Beausset ( Exposition temporaire Jules Verne \u00ab\u00a0De la Terre \u00e0 la Lune\u00a0\u00bb) \/ Th\u00e9\u00e2tre Libert\u00e9 de Toulon.<\/p>\n<p style=\"padding-left: 40px;\"><span style=\"color: #0000ff;\">Supports de diffusion : Support num\u00e9rique \/ Format papier int\u00e9gr\u00e9 aux expositions temporaires de nos partenaires.<\/span><\/p>\n\n\n<h4 class=\"wp-block-heading\">Jeu de lumi\u00e8re&#8230;<\/h4>\n\n\n\n<div style=\"text-align:center;\"><iframe loading=\"lazy\" src=\"\/\/v.calameo.com\/?bkcode=00602038032afb681a0f0&amp;mode=mini&amp;view=scroll&amp;showsharemenu=false&amp;clickto=view&amp;clicktarget=_self\" width=\"560\" height=\"350\" frameborder=\"0\" scrolling=\"no\" allowtransparency=\"\" allowfullscreen=\"\" style=\"margin:0 auto;\"><\/iframe><\/div>\n\n\n\n<h4 class=\"wp-block-heading\">La Lune&#8230;<\/h4>\n\n\n\n<div style=\"text-align:center;\"><iframe loading=\"lazy\" src=\"\/\/v.calameo.com\/?bkcode=0060203800c24c77cc05e&amp;mode=mini&amp;view=scroll&amp;showsharemenu=false&amp;clickto=view&amp;clicktarget=_self\" width=\"560\" height=\"350\" frameborder=\"0\" scrolling=\"no\" allowtransparency=\"\" allowfullscreen=\"\" style=\"margin:0 auto;\"><\/iframe><\/div>\n\n\n\n<h4 class=\"wp-block-heading\">Le cycle de l&rsquo;eau&#8230;<\/h4>\n\n\n\n<div style=\"text-align:center;\"><iframe loading=\"lazy\" src=\"\/\/v.calameo.com\/?bkcode=006020380477032cf5f27&amp;mode=mini&amp;view=scroll&amp;showsharemenu=false&amp;clickto=view&amp;clicktarget=_self\" width=\"560\" height=\"350\" frameborder=\"0\" scrolling=\"no\" allowtransparency=\"\" allowfullscreen=\"\" style=\"margin:0 auto;\"><\/iframe><\/div>\n\n\n\n<h4 class=\"wp-block-heading\">Les Cnidaires&#8230; <\/h4>\n\n\n\n<div style=\"text-align:center;\"><iframe loading=\"lazy\" src=\"\/\/v.calameo.com\/?bkcode=006020380174d0e1b3f7e&amp;mode=mini&amp;view=scroll&amp;showsharemenu=false&amp;clickto=view&amp;clicktarget=_self\" width=\"560\" height=\"350\" frameborder=\"0\" scrolling=\"no\" allowtransparency=\"\" allowfullscreen=\"\" style=\"margin:0 auto;\"><\/iframe><\/div>\n\n\n\n<h3 class=\"wp-block-heading\" id=\"annee-scolaire-20222023-5a2ae42c-e06c-42f2-9f23-d345994eca00\">Ann\u00e9e scolaire 2018-2019<\/h3>\n\n\n<p><strong>Projet : Po\u00e9sie scientifique illustr\u00e9e<\/strong><b>.<\/b><\/p>\n<p style=\"padding-left: 40px;\"><span style=\"color: #ff00ff;\">Id\u00e9e g\u00e9n\u00e9rale : Composition de po\u00e8mes scientifiques \u00e0 partir d&rsquo;un corpus de mots scientifiques.<\/span><\/p>\n<p style=\"padding-left: 40px;\">Partenaires : Mus\u00e9um d&rsquo;histoire naturelle de Toulon \/ Maison des Quatre Fr\u00e8res du Beausset \/ Th\u00e9\u00e2tre Libert\u00e9 de Toulon .<\/p>\n<p style=\"padding-left: 40px;\"><span style=\"color: #0000ff;\">Supports de diffusion : Support Papier et affiches murales dans les classes de S.V.T.<\/span><\/p>\n\n\n<h4 class=\"wp-block-heading\">Fragments d&rsquo;une nature envol\u00e9e&#8230;<\/h4>\n\n\n\n<div style=\"text-align:center;\"><iframe loading=\"lazy\" src=\"\/\/v.calameo.com\/?bkcode=006020380a80ac3d70600&amp;mode=mini&amp;view=scroll&amp;showsharemenu=false&amp;clickto=view&amp;clicktarget=_self\" width=\"560\" height=\"350\" frameborder=\"0\" scrolling=\"no\" allowtransparency=\"\" allowfullscreen=\"\" style=\"margin:0 auto;\"><\/iframe><\/div>\n\n\n\n<h4 class=\"wp-block-heading\">Horizons po\u00e9tiques&#8230;<\/h4>\n\n\n\n<div style=\"text-align:center;\"><iframe loading=\"lazy\" src=\"\/\/v.calameo.com\/?bkcode=00602038022f31f2a786f&amp;mode=mini&amp;view=scroll&amp;showsharemenu=false&amp;clickto=view&amp;clicktarget=_self\" width=\"560\" height=\"350\" frameborder=\"0\" scrolling=\"no\" allowtransparency=\"\" allowfullscreen=\"\" style=\"margin:0 auto;\"><\/iframe><\/div>\n\n\n\n<h4 class=\"wp-block-heading\">Osmose po\u00e9tique entre fossiles&#8230;<\/h4>\n\n\n\n<div style=\"text-align:center;\"><iframe loading=\"lazy\" src=\"\/\/v.calameo.com\/?bkcode=0060203802091605c1273&amp;mode=mini&amp;view=scroll&amp;showsharemenu=false&amp;clickto=view&amp;clicktarget=_self\" width=\"560\" height=\"350\" frameborder=\"0\" scrolling=\"no\" allowtransparency=\"\" allowfullscreen=\"\" style=\"margin:0 auto;\"><\/iframe><\/div>\n\n\n\n<p><\/p>\n\n\n\n<p><\/p>\n","protected":false},"excerpt":{"rendered":"<p>Page ci-dessous con\u00e7ue, g\u00e9r\u00e9e et mise \u00e0 jour par M. JUNG Projets Lettres \/ Sciences de la vie et de la terre Projets men\u00e9s par Mme Innocenti pour les Lettres et M. Jung pour les Sciences de la vie et de la Terre.\u00a0\u00a0 \u00a0 \u00a0 \u00a0 \u00a0 \u00a0 Objectifs p\u00e9dagogiques des diff\u00e9rents projets : Cr\u00e9er &hellip; <\/p>\n<p><a class=\"more-link btn\" href=\"https:\/\/lycee-raynouard.fr\/index.php\/projet-lettres-sciences-de-la-vie-et-de-la-terre\/\">Lire la suite<\/a><\/p>\n","protected":false},"author":26,"featured_media":0,"parent":0,"menu_order":0,"comment_status":"closed","ping_status":"closed","template":"","meta":{"_uag_custom_page_level_css":"","advgb_blocks_editor_width":"","advgb_blocks_columns_visual_guide":"","ngg_post_thumbnail":0,"footnotes":""},"class_list":["post-4000","page","type-page","status-publish","hentry","nodate","item-wrap"],"yoast_head":"<!-- This site is optimized with the Yoast SEO plugin v25.8 - https:\/\/yoast.com\/wordpress\/plugins\/seo\/ -->\n<title>Projets Lettres \/ Sciences de la vie et de la terre - Lyc\u00e9e Polyvalent Raynouard<\/title>\n<meta name=\"robots\" content=\"index, follow, max-snippet:-1, max-image-preview:large, max-video-preview:-1\" \/>\n<link rel=\"canonical\" href=\"https:\/\/lycee-raynouard.fr\/index.php\/projet-lettres-sciences-de-la-vie-et-de-la-terre\/\" \/>\n<meta property=\"og:locale\" content=\"fr_FR\" \/>\n<meta property=\"og:type\" content=\"article\" \/>\n<meta property=\"og:title\" content=\"Projets Lettres \/ Sciences de la vie et de la terre - Lyc\u00e9e Polyvalent Raynouard\" \/>\n<meta property=\"og:description\" content=\"Page ci-dessous con\u00e7ue, g\u00e9r\u00e9e et mise \u00e0 jour par M. JUNG Projets Lettres \/ Sciences de la vie et de la terre Projets men\u00e9s par Mme Innocenti pour les Lettres et M. Jung pour les Sciences de la vie et de la Terre.\u00a0\u00a0 \u00a0 \u00a0 \u00a0 \u00a0 \u00a0 Objectifs p\u00e9dagogiques des diff\u00e9rents projets : Cr\u00e9er &hellip; Lire la suite\" \/>\n<meta property=\"og:url\" content=\"https:\/\/lycee-raynouard.fr\/index.php\/projet-lettres-sciences-de-la-vie-et-de-la-terre\/\" \/>\n<meta property=\"og:site_name\" content=\"Lyc\u00e9e Polyvalent Raynouard\" \/>\n<meta property=\"article:modified_time\" content=\"2025-10-22T07:05:21+00:00\" \/>\n<meta name=\"twitter:card\" content=\"summary_large_image\" \/>\n<meta name=\"twitter:label1\" content=\"Dur\u00e9e de lecture estim\u00e9e\" \/>\n\t<meta name=\"twitter:data1\" content=\"4 minutes\" \/>\n<script type=\"application\/ld+json\" class=\"yoast-schema-graph\">{\"@context\":\"https:\/\/schema.org\",\"@graph\":[{\"@type\":\"WebPage\",\"@id\":\"https:\/\/lycee-raynouard.fr\/index.php\/projet-lettres-sciences-de-la-vie-et-de-la-terre\/\",\"url\":\"https:\/\/lycee-raynouard.fr\/index.php\/projet-lettres-sciences-de-la-vie-et-de-la-terre\/\",\"name\":\"Projets Lettres \/ Sciences de la vie et de la terre - Lyc\u00e9e Polyvalent Raynouard\",\"isPartOf\":{\"@id\":\"https:\/\/lycee-raynouard.fr\/#website\"},\"datePublished\":\"2022-03-01T10:27:20+00:00\",\"dateModified\":\"2025-10-22T07:05:21+00:00\",\"breadcrumb\":{\"@id\":\"https:\/\/lycee-raynouard.fr\/index.php\/projet-lettres-sciences-de-la-vie-et-de-la-terre\/#breadcrumb\"},\"inLanguage\":\"fr-FR\",\"potentialAction\":[{\"@type\":\"ReadAction\",\"target\":[\"https:\/\/lycee-raynouard.fr\/index.php\/projet-lettres-sciences-de-la-vie-et-de-la-terre\/\"]}]},{\"@type\":\"BreadcrumbList\",\"@id\":\"https:\/\/lycee-raynouard.fr\/index.php\/projet-lettres-sciences-de-la-vie-et-de-la-terre\/#breadcrumb\",\"itemListElement\":[{\"@type\":\"ListItem\",\"position\":1,\"name\":\"Accueil\",\"item\":\"https:\/\/lycee-raynouard.fr\/\"},{\"@type\":\"ListItem\",\"position\":2,\"name\":\"Projets Lettres \/ Sciences de la vie et de la terre\"}]},{\"@type\":\"WebSite\",\"@id\":\"https:\/\/lycee-raynouard.fr\/#website\",\"url\":\"https:\/\/lycee-raynouard.fr\/\",\"name\":\"Lyc\u00e9e Polyvalent Raynouard\",\"description\":\"Brignoles\",\"potentialAction\":[{\"@type\":\"SearchAction\",\"target\":{\"@type\":\"EntryPoint\",\"urlTemplate\":\"https:\/\/lycee-raynouard.fr\/?s={search_term_string}\"},\"query-input\":{\"@type\":\"PropertyValueSpecification\",\"valueRequired\":true,\"valueName\":\"search_term_string\"}}],\"inLanguage\":\"fr-FR\"}]}<\/script>\n<!-- \/ Yoast SEO plugin. -->","yoast_head_json":{"title":"Projets Lettres \/ Sciences de la vie et de la terre - Lyc\u00e9e Polyvalent Raynouard","robots":{"index":"index","follow":"follow","max-snippet":"max-snippet:-1","max-image-preview":"max-image-preview:large","max-video-preview":"max-video-preview:-1"},"canonical":"https:\/\/lycee-raynouard.fr\/index.php\/projet-lettres-sciences-de-la-vie-et-de-la-terre\/","og_locale":"fr_FR","og_type":"article","og_title":"Projets Lettres \/ Sciences de la vie et de la terre - Lyc\u00e9e Polyvalent Raynouard","og_description":"Page ci-dessous con\u00e7ue, g\u00e9r\u00e9e et mise \u00e0 jour par M. JUNG Projets Lettres \/ Sciences de la vie et de la terre Projets men\u00e9s par Mme Innocenti pour les Lettres et M. Jung pour les Sciences de la vie et de la Terre.\u00a0\u00a0 \u00a0 \u00a0 \u00a0 \u00a0 \u00a0 Objectifs p\u00e9dagogiques des diff\u00e9rents projets : Cr\u00e9er &hellip; Lire la suite","og_url":"https:\/\/lycee-raynouard.fr\/index.php\/projet-lettres-sciences-de-la-vie-et-de-la-terre\/","og_site_name":"Lyc\u00e9e Polyvalent Raynouard","article_modified_time":"2025-10-22T07:05:21+00:00","twitter_card":"summary_large_image","twitter_misc":{"Dur\u00e9e de lecture estim\u00e9e":"4 minutes"},"schema":{"@context":"https:\/\/schema.org","@graph":[{"@type":"WebPage","@id":"https:\/\/lycee-raynouard.fr\/index.php\/projet-lettres-sciences-de-la-vie-et-de-la-terre\/","url":"https:\/\/lycee-raynouard.fr\/index.php\/projet-lettres-sciences-de-la-vie-et-de-la-terre\/","name":"Projets Lettres \/ Sciences de la vie et de la terre - Lyc\u00e9e Polyvalent Raynouard","isPartOf":{"@id":"https:\/\/lycee-raynouard.fr\/#website"},"datePublished":"2022-03-01T10:27:20+00:00","dateModified":"2025-10-22T07:05:21+00:00","breadcrumb":{"@id":"https:\/\/lycee-raynouard.fr\/index.php\/projet-lettres-sciences-de-la-vie-et-de-la-terre\/#breadcrumb"},"inLanguage":"fr-FR","potentialAction":[{"@type":"ReadAction","target":["https:\/\/lycee-raynouard.fr\/index.php\/projet-lettres-sciences-de-la-vie-et-de-la-terre\/"]}]},{"@type":"BreadcrumbList","@id":"https:\/\/lycee-raynouard.fr\/index.php\/projet-lettres-sciences-de-la-vie-et-de-la-terre\/#breadcrumb","itemListElement":[{"@type":"ListItem","position":1,"name":"Accueil","item":"https:\/\/lycee-raynouard.fr\/"},{"@type":"ListItem","position":2,"name":"Projets Lettres \/ Sciences de la vie et de la terre"}]},{"@type":"WebSite","@id":"https:\/\/lycee-raynouard.fr\/#website","url":"https:\/\/lycee-raynouard.fr\/","name":"Lyc\u00e9e Polyvalent Raynouard","description":"Brignoles","potentialAction":[{"@type":"SearchAction","target":{"@type":"EntryPoint","urlTemplate":"https:\/\/lycee-raynouard.fr\/?s={search_term_string}"},"query-input":{"@type":"PropertyValueSpecification","valueRequired":true,"valueName":"search_term_string"}}],"inLanguage":"fr-FR"}]}},"uagb_featured_image_src":{"full":false,"thumbnail":false,"medium":false,"medium_large":false,"large":false,"1536x1536":false,"2048x2048":false,"graphene_slider":false,"graphene_featured_image":false,"post-thumbnail":false,"mailpoet_newsletter_max":false},"uagb_author_info":{"display_name":"philippe jung","author_link":"https:\/\/lycee-raynouard.fr\/index.php\/author\/pjung\/"},"uagb_comment_info":0,"uagb_excerpt":"Page ci-dessous con\u00e7ue, g\u00e9r\u00e9e et mise \u00e0 jour par M. JUNG Projets Lettres \/ Sciences de la vie et de la terre Projets men\u00e9s par Mme Innocenti pour les Lettres et M. Jung pour les Sciences de la vie et de la Terre.\u00a0\u00a0 \u00a0 \u00a0 \u00a0 \u00a0 \u00a0 Objectifs p\u00e9dagogiques des diff\u00e9rents projets : Cr\u00e9er\u2026","coauthors":[],"author_meta":{"author_link":"https:\/\/lycee-raynouard.fr\/index.php\/author\/pjung\/","display_name":"philippe jung"},"relative_dates":{"created":"Publi\u00e9 4 ans il y a","modified":"Mis \u00e0 jour 6 mois il y a"},"absolute_dates":{"created":"Publi\u00e9 le 1 mars 2022","modified":"Mise \u00e0 jour le 22 octobre 2025"},"absolute_dates_time":{"created":"Publi\u00e9 le 1 mars 2022 11 h 27 min","modified":"Mise \u00e0 jour le 22 octobre 2025 9 h 05 min"},"featured_img_caption":"","featured_img":false,"series_order":"","_links":{"self":[{"href":"https:\/\/lycee-raynouard.fr\/index.php\/wp-json\/wp\/v2\/pages\/4000","targetHints":{"allow":["GET"]}}],"collection":[{"href":"https:\/\/lycee-raynouard.fr\/index.php\/wp-json\/wp\/v2\/pages"}],"about":[{"href":"https:\/\/lycee-raynouard.fr\/index.php\/wp-json\/wp\/v2\/types\/page"}],"author":[{"embeddable":true,"href":"https:\/\/lycee-raynouard.fr\/index.php\/wp-json\/wp\/v2\/users\/26"}],"replies":[{"embeddable":true,"href":"https:\/\/lycee-raynouard.fr\/index.php\/wp-json\/wp\/v2\/comments?post=4000"}],"version-history":[{"count":93,"href":"https:\/\/lycee-raynouard.fr\/index.php\/wp-json\/wp\/v2\/pages\/4000\/revisions"}],"predecessor-version":[{"id":5471,"href":"https:\/\/lycee-raynouard.fr\/index.php\/wp-json\/wp\/v2\/pages\/4000\/revisions\/5471"}],"wp:attachment":[{"href":"https:\/\/lycee-raynouard.fr\/index.php\/wp-json\/wp\/v2\/media?parent=4000"}],"curies":[{"name":"wp","href":"https:\/\/api.w.org\/{rel}","templated":true}]}}