{"id":4985,"date":"2024-01-23T14:52:05","date_gmt":"2024-01-23T13:52:05","guid":{"rendered":"https:\/\/lycee-raynouard.fr\/?page_id=4985"},"modified":"2024-02-08T17:33:05","modified_gmt":"2024-02-08T16:33:05","slug":"cesc","status":"publish","type":"page","link":"https:\/\/lycee-raynouard.fr\/index.php\/cesc\/","title":{"rendered":"CESCE"},"content":{"rendered":"\n\t\t\t<div class=\"wp-block-uagb-post-carousel uagb-post-grid  uagb-post__image-position-top uagb-post__image-enabled uagb-block-3d440d54     uagb-post__arrow-outside uagb-post__items uagb-post__columns-3 is-carousel uagb-post__columns-tablet-2 uagb-post__columns-mobile-1\" data-total=\"1\" style=\"\">\n\n\t\t\t\t\t\t\t\t\t\t\t\t<article class=\"uagb-post__inner-wrap\">\t\t\t\t\t\t\t\t<div class='uagb-post__image'>\n\t\t\t\t\t\t\t\t\t<a href=\"https:\/\/lycee-raynouard.fr\/index.php\/2025\/04\/28\/prix-regional-2024-2025-pour-en-finir-avec-le-harcelement-scolaire\/\" target=\"_self\" rel=\"bookmark noopener noreferrer\"><img loading=\"lazy\" decoding=\"async\" width=\"768\" height=\"1024\" src=\"https:\/\/lycee-raynouard.fr\/wp-content\/uploads\/2025\/04\/IMG_20250303_142007-768x1024.jpg\" class=\"attachment-large size-large\" alt=\"\" srcset=\"https:\/\/lycee-raynouard.fr\/wp-content\/uploads\/2025\/04\/IMG_20250303_142007-768x1024.jpg 768w, https:\/\/lycee-raynouard.fr\/wp-content\/uploads\/2025\/04\/IMG_20250303_142007-225x300.jpg 225w, https:\/\/lycee-raynouard.fr\/wp-content\/uploads\/2025\/04\/IMG_20250303_142007-1152x1536.jpg 1152w, https:\/\/lycee-raynouard.fr\/wp-content\/uploads\/2025\/04\/IMG_20250303_142007-786x1048.jpg 786w, https:\/\/lycee-raynouard.fr\/wp-content\/uploads\/2025\/04\/IMG_20250303_142007-1320x1760.jpg 1320w, https:\/\/lycee-raynouard.fr\/wp-content\/uploads\/2025\/04\/IMG_20250303_142007.jpg 1536w\" sizes=\"auto, (max-width: 768px) 100vw, 768px\" \/>\t\t\t\t\t<\/a>\n\t\t\t\t\t\t\t\t\t<\/div>\n\t\t\t\t\t\t<h4 class=\"uagb-post__title uagb-post__text\">\n\t\t\t\t<a href=\"https:\/\/lycee-raynouard.fr\/index.php\/2025\/04\/28\/prix-regional-2024-2025-pour-en-finir-avec-le-harcelement-scolaire\/\" target=\"_self\" rel=\"bookmark noopener noreferrer\">Prix r\u00e9gional 2024-2025 \u00ab\u00a0pour en finir avec le harc\u00e8lement scolaire\u00a0\u00bb<\/a>\n\t\t\t<\/h4>\n\t\t\t\t\t\t<div class='uagb-post__text uagb-post-grid-byline'>\n\t\t\t\t\t\t\t\t<time datetime=\"2025-04-28T10:44:27+02:00\" class=\"uagb-post__date\">\n\t\t\t\t<span class=\"dashicons-calendar dashicons\"><\/span>\t\t\t\t\t28 avril 2025\t\t\t\t<\/time>\n\t\t\t\t\t\t\t<span class=\"uagb-post__comment\">\n\t\t\t\t<span class=\"dashicons-admin-comments dashicons\"><\/span>\t\t\t\t\tAucun commentaire\t\t\t\t<\/span>\n\t\t\t\t\t\t<\/div>\n\t\t\t\t\t\t\t<div class='uagb-post__text uagb-post__excerpt'>\n\t\t\t\t\t<p>Les \u00e9l\u00e8ves remportent le 1\u00b0 prix Cette ann\u00e9e, afin de marquer la participation du lyc\u00e9e&#8230;\t\t\t\t<\/div>\n\t\t\t\t\t\t<div class=\"uagb-post__text uagb-post__cta wp-block-button\">\n\t\t\t\t<a class=\"wp-block-button__link uagb-text-link\" style=\"\" href=\"https:\/\/lycee-raynouard.fr\/index.php\/2025\/04\/28\/prix-regional-2024-2025-pour-en-finir-avec-le-harcelement-scolaire\/\" target=\"_self\" rel=\"bookmark noopener noreferrer\">Lire la suite<\/a>\n\t\t\t<\/div>\n\t\t\t\n\t\t\t\t\t\t\t\t\t<\/article>\n\t\t\t\t\t\t\t\t\t\t\t\t\t\t\t\t<article class=\"uagb-post__inner-wrap\">\t\t\t\t\t\t\t\t<div class='uagb-post__image'>\n\t\t\t\t\t\t\t\t\t<a href=\"https:\/\/lycee-raynouard.fr\/index.php\/2024\/02\/12\/non-au-harcelement\/\" target=\"_self\" rel=\"bookmark noopener noreferrer\"><img loading=\"lazy\" decoding=\"async\" width=\"786\" height=\"315\" src=\"https:\/\/lycee-raynouard.fr\/wp-content\/uploads\/2024\/02\/2023_nah_bloc-marque_tel-1024x410.jpg\" class=\"attachment-large size-large\" alt=\"\" srcset=\"https:\/\/lycee-raynouard.fr\/wp-content\/uploads\/2024\/02\/2023_nah_bloc-marque_tel-1024x410.jpg 1024w, https:\/\/lycee-raynouard.fr\/wp-content\/uploads\/2024\/02\/2023_nah_bloc-marque_tel-300x120.jpg 300w, https:\/\/lycee-raynouard.fr\/wp-content\/uploads\/2024\/02\/2023_nah_bloc-marque_tel-768x307.jpg 768w, https:\/\/lycee-raynouard.fr\/wp-content\/uploads\/2024\/02\/2023_nah_bloc-marque_tel-786x314.jpg 786w, https:\/\/lycee-raynouard.fr\/wp-content\/uploads\/2024\/02\/2023_nah_bloc-marque_tel.jpg 1250w\" sizes=\"auto, (max-width: 786px) 100vw, 786px\" \/>\t\t\t\t\t<\/a>\n\t\t\t\t\t\t\t\t\t<\/div>\n\t\t\t\t\t\t<h4 class=\"uagb-post__title uagb-post__text\">\n\t\t\t\t<a href=\"https:\/\/lycee-raynouard.fr\/index.php\/2024\/02\/12\/non-au-harcelement\/\" target=\"_self\" rel=\"bookmark noopener noreferrer\">NON au Harc\u00e8lement<\/a>\n\t\t\t<\/h4>\n\t\t\t\t\t\t<div class='uagb-post__text uagb-post-grid-byline'>\n\t\t\t\t\t\t\t\t<time datetime=\"2024-02-12T14:18:41+01:00\" class=\"uagb-post__date\">\n\t\t\t\t<span class=\"dashicons-calendar dashicons\"><\/span>\t\t\t\t\t12 f\u00e9vrier 2024\t\t\t\t<\/time>\n\t\t\t\t\t\t\t<span class=\"uagb-post__comment\">\n\t\t\t\t<span class=\"dashicons-admin-comments dashicons\"><\/span>\t\t\t\t\tAucun commentaire\t\t\t\t<\/span>\n\t\t\t\t\t\t<\/div>\n\t\t\t\t\t\t\t<div class='uagb-post__text uagb-post__excerpt'>\n\t\t\t\t\tParticipation au concours \u00ab\u00a0non au hrc\u00e8lement\u00a0\u00bb .\t\t\t\t<\/div>\n\t\t\t\t\t\t<div class=\"uagb-post__text uagb-post__cta wp-block-button\">\n\t\t\t\t<a class=\"wp-block-button__link uagb-text-link\" style=\"\" href=\"https:\/\/lycee-raynouard.fr\/index.php\/2024\/02\/12\/non-au-harcelement\/\" target=\"_self\" rel=\"bookmark noopener noreferrer\">Lire la suite<\/a>\n\t\t\t<\/div>\n\t\t\t\n\t\t\t\t\t\t\t\t\t<\/article>\n\t\t\t\t\t\t\t\t\t\t\t\t\t\t\t\t<article class=\"uagb-post__inner-wrap\">\t\t\t\t\t\t\t\t<div class='uagb-post__image'>\n\t\t\t\t\t\t\t\t\t<a href=\"https:\/\/lycee-raynouard.fr\/index.php\/2024\/02\/05\/labellisation-egalite-fille-garcon\/\" target=\"_self\" rel=\"bookmark noopener noreferrer\"><img loading=\"lazy\" decoding=\"async\" width=\"786\" height=\"786\" src=\"https:\/\/lycee-raynouard.fr\/wp-content\/uploads\/2024\/01\/logoEFG-1-1-1024x1024.jpg\" class=\"attachment-large size-large\" alt=\"\" srcset=\"https:\/\/lycee-raynouard.fr\/wp-content\/uploads\/2024\/01\/logoEFG-1-1-1024x1024.jpg 1024w, https:\/\/lycee-raynouard.fr\/wp-content\/uploads\/2024\/01\/logoEFG-1-1-300x300.jpg 300w, https:\/\/lycee-raynouard.fr\/wp-content\/uploads\/2024\/01\/logoEFG-1-1-150x150.jpg 150w, https:\/\/lycee-raynouard.fr\/wp-content\/uploads\/2024\/01\/logoEFG-1-1-768x768.jpg 768w, https:\/\/lycee-raynouard.fr\/wp-content\/uploads\/2024\/01\/logoEFG-1-1-786x786.jpg 786w, https:\/\/lycee-raynouard.fr\/wp-content\/uploads\/2024\/01\/logoEFG-1-1.jpg 1181w\" sizes=\"auto, (max-width: 786px) 100vw, 786px\" \/>\t\t\t\t\t<\/a>\n\t\t\t\t\t\t\t\t\t<\/div>\n\t\t\t\t\t\t<h4 class=\"uagb-post__title uagb-post__text\">\n\t\t\t\t<a href=\"https:\/\/lycee-raynouard.fr\/index.php\/2024\/02\/05\/labellisation-egalite-fille-garcon\/\" target=\"_self\" rel=\"bookmark noopener noreferrer\">Labellisation \u00ab\u00a0\u00e9galit\u00e9 fille\/gar\u00e7on\u00a0\u00bb<\/a>\n\t\t\t<\/h4>\n\t\t\t\t\t\t<div class='uagb-post__text uagb-post-grid-byline'>\n\t\t\t\t\t\t\t\t<time datetime=\"2024-02-05T12:56:56+01:00\" class=\"uagb-post__date\">\n\t\t\t\t<span class=\"dashicons-calendar dashicons\"><\/span>\t\t\t\t\t5 f\u00e9vrier 2024\t\t\t\t<\/time>\n\t\t\t\t\t\t\t<span class=\"uagb-post__comment\">\n\t\t\t\t<span class=\"dashicons-admin-comments dashicons\"><\/span>\t\t\t\t\tAucun commentaire\t\t\t\t<\/span>\n\t\t\t\t\t\t<\/div>\n\t\t\t\t\t\t\t<div class='uagb-post__text uagb-post__excerpt'>\n\t\t\t\t\tL&rsquo;\u00e9galit\u00e9 entre les femmes et les hommes est un enjeu d\u00e9mocratique majeur et une conqu\u00eate,&#8230;\t\t\t\t<\/div>\n\t\t\t\t\t\t<div class=\"uagb-post__text uagb-post__cta wp-block-button\">\n\t\t\t\t<a class=\"wp-block-button__link uagb-text-link\" style=\"\" href=\"https:\/\/lycee-raynouard.fr\/index.php\/2024\/02\/05\/labellisation-egalite-fille-garcon\/\" target=\"_self\" rel=\"bookmark noopener noreferrer\">Lire la suite<\/a>\n\t\t\t<\/div>\n\t\t\t\n\t\t\t\t\t\t\t\t\t<\/article>\n\t\t\t\t\t\t\t\t\t\t\t<\/div>\n\t\t\t","protected":false},"excerpt":{"rendered":"","protected":false},"author":1,"featured_media":0,"parent":0,"menu_order":0,"comment_status":"closed","ping_status":"closed","template":"","meta":{"_uag_custom_page_level_css":"","advgb_blocks_editor_width":"","advgb_blocks_columns_visual_guide":"","ngg_post_thumbnail":0,"footnotes":""},"class_list":["post-4985","page","type-page","status-publish","hentry","nodate","item-wrap"],"yoast_head":"<!-- This site is optimized with the Yoast SEO plugin v25.8 - https:\/\/yoast.com\/wordpress\/plugins\/seo\/ -->\n<title>CESCE - Lyc\u00e9e Polyvalent Raynouard<\/title>\n<meta name=\"robots\" content=\"index, follow, max-snippet:-1, max-image-preview:large, max-video-preview:-1\" \/>\n<link rel=\"canonical\" href=\"https:\/\/lycee-raynouard.fr\/index.php\/cesc\/\" \/>\n<meta property=\"og:locale\" content=\"fr_FR\" \/>\n<meta property=\"og:type\" content=\"article\" \/>\n<meta property=\"og:title\" content=\"CESCE - Lyc\u00e9e Polyvalent Raynouard\" \/>\n<meta property=\"og:url\" content=\"https:\/\/lycee-raynouard.fr\/index.php\/cesc\/\" \/>\n<meta property=\"og:site_name\" content=\"Lyc\u00e9e Polyvalent Raynouard\" \/>\n<meta property=\"article:modified_time\" content=\"2024-02-08T16:33:05+00:00\" \/>\n<meta name=\"twitter:card\" content=\"summary_large_image\" \/>\n<script type=\"application\/ld+json\" class=\"yoast-schema-graph\">{\"@context\":\"https:\/\/schema.org\",\"@graph\":[{\"@type\":\"WebPage\",\"@id\":\"https:\/\/lycee-raynouard.fr\/index.php\/cesc\/\",\"url\":\"https:\/\/lycee-raynouard.fr\/index.php\/cesc\/\",\"name\":\"CESCE - Lyc\u00e9e Polyvalent Raynouard\",\"isPartOf\":{\"@id\":\"https:\/\/lycee-raynouard.fr\/#website\"},\"datePublished\":\"2024-01-23T13:52:05+00:00\",\"dateModified\":\"2024-02-08T16:33:05+00:00\",\"breadcrumb\":{\"@id\":\"https:\/\/lycee-raynouard.fr\/index.php\/cesc\/#breadcrumb\"},\"inLanguage\":\"fr-FR\",\"potentialAction\":[{\"@type\":\"ReadAction\",\"target\":[\"https:\/\/lycee-raynouard.fr\/index.php\/cesc\/\"]}]},{\"@type\":\"BreadcrumbList\",\"@id\":\"https:\/\/lycee-raynouard.fr\/index.php\/cesc\/#breadcrumb\",\"itemListElement\":[{\"@type\":\"ListItem\",\"position\":1,\"name\":\"Accueil\",\"item\":\"https:\/\/lycee-raynouard.fr\/\"},{\"@type\":\"ListItem\",\"position\":2,\"name\":\"CESCE\"}]},{\"@type\":\"WebSite\",\"@id\":\"https:\/\/lycee-raynouard.fr\/#website\",\"url\":\"https:\/\/lycee-raynouard.fr\/\",\"name\":\"Lyc\u00e9e Polyvalent Raynouard\",\"description\":\"Brignoles\",\"potentialAction\":[{\"@type\":\"SearchAction\",\"target\":{\"@type\":\"EntryPoint\",\"urlTemplate\":\"https:\/\/lycee-raynouard.fr\/?s={search_term_string}\"},\"query-input\":{\"@type\":\"PropertyValueSpecification\",\"valueRequired\":true,\"valueName\":\"search_term_string\"}}],\"inLanguage\":\"fr-FR\"}]}<\/script>\n<!-- \/ Yoast SEO plugin. -->","yoast_head_json":{"title":"CESCE - Lyc\u00e9e Polyvalent Raynouard","robots":{"index":"index","follow":"follow","max-snippet":"max-snippet:-1","max-image-preview":"max-image-preview:large","max-video-preview":"max-video-preview:-1"},"canonical":"https:\/\/lycee-raynouard.fr\/index.php\/cesc\/","og_locale":"fr_FR","og_type":"article","og_title":"CESCE - Lyc\u00e9e Polyvalent Raynouard","og_url":"https:\/\/lycee-raynouard.fr\/index.php\/cesc\/","og_site_name":"Lyc\u00e9e Polyvalent Raynouard","article_modified_time":"2024-02-08T16:33:05+00:00","twitter_card":"summary_large_image","schema":{"@context":"https:\/\/schema.org","@graph":[{"@type":"WebPage","@id":"https:\/\/lycee-raynouard.fr\/index.php\/cesc\/","url":"https:\/\/lycee-raynouard.fr\/index.php\/cesc\/","name":"CESCE - Lyc\u00e9e Polyvalent Raynouard","isPartOf":{"@id":"https:\/\/lycee-raynouard.fr\/#website"},"datePublished":"2024-01-23T13:52:05+00:00","dateModified":"2024-02-08T16:33:05+00:00","breadcrumb":{"@id":"https:\/\/lycee-raynouard.fr\/index.php\/cesc\/#breadcrumb"},"inLanguage":"fr-FR","potentialAction":[{"@type":"ReadAction","target":["https:\/\/lycee-raynouard.fr\/index.php\/cesc\/"]}]},{"@type":"BreadcrumbList","@id":"https:\/\/lycee-raynouard.fr\/index.php\/cesc\/#breadcrumb","itemListElement":[{"@type":"ListItem","position":1,"name":"Accueil","item":"https:\/\/lycee-raynouard.fr\/"},{"@type":"ListItem","position":2,"name":"CESCE"}]},{"@type":"WebSite","@id":"https:\/\/lycee-raynouard.fr\/#website","url":"https:\/\/lycee-raynouard.fr\/","name":"Lyc\u00e9e Polyvalent Raynouard","description":"Brignoles","potentialAction":[{"@type":"SearchAction","target":{"@type":"EntryPoint","urlTemplate":"https:\/\/lycee-raynouard.fr\/?s={search_term_string}"},"query-input":{"@type":"PropertyValueSpecification","valueRequired":true,"valueName":"search_term_string"}}],"inLanguage":"fr-FR"}]}},"uagb_featured_image_src":{"full":false,"thumbnail":false,"medium":false,"medium_large":false,"large":false,"1536x1536":false,"2048x2048":false,"graphene_slider":false,"graphene_featured_image":false,"post-thumbnail":false,"mailpoet_newsletter_max":false},"uagb_author_info":{"display_name":"adminray","author_link":"https:\/\/lycee-raynouard.fr\/index.php\/author\/adminray\/"},"uagb_comment_info":0,"uagb_excerpt":null,"coauthors":[],"author_meta":{"author_link":"https:\/\/lycee-raynouard.fr\/index.php\/author\/adminray\/","display_name":"adminray"},"relative_dates":{"created":"Publi\u00e9 2 ans il y a","modified":"Mis \u00e0 jour 2 ans il y a"},"absolute_dates":{"created":"Publi\u00e9 le 23 janvier 2024","modified":"Mise \u00e0 jour le 8 f\u00e9vrier 2024"},"absolute_dates_time":{"created":"Publi\u00e9 le 23 janvier 2024 14 h 52 min","modified":"Mise \u00e0 jour le 8 f\u00e9vrier 2024 17 h 33 min"},"featured_img_caption":"","featured_img":false,"series_order":"","_links":{"self":[{"href":"https:\/\/lycee-raynouard.fr\/index.php\/wp-json\/wp\/v2\/pages\/4985","targetHints":{"allow":["GET"]}}],"collection":[{"href":"https:\/\/lycee-raynouard.fr\/index.php\/wp-json\/wp\/v2\/pages"}],"about":[{"href":"https:\/\/lycee-raynouard.fr\/index.php\/wp-json\/wp\/v2\/types\/page"}],"author":[{"embeddable":true,"href":"https:\/\/lycee-raynouard.fr\/index.php\/wp-json\/wp\/v2\/users\/1"}],"replies":[{"embeddable":true,"href":"https:\/\/lycee-raynouard.fr\/index.php\/wp-json\/wp\/v2\/comments?post=4985"}],"version-history":[{"count":3,"href":"https:\/\/lycee-raynouard.fr\/index.php\/wp-json\/wp\/v2\/pages\/4985\/revisions"}],"predecessor-version":[{"id":5039,"href":"https:\/\/lycee-raynouard.fr\/index.php\/wp-json\/wp\/v2\/pages\/4985\/revisions\/5039"}],"wp:attachment":[{"href":"https:\/\/lycee-raynouard.fr\/index.php\/wp-json\/wp\/v2\/media?parent=4985"}],"curies":[{"name":"wp","href":"https:\/\/api.w.org\/{rel}","templated":true}]}}