{"id":5003,"date":"2026-02-04T13:55:11","date_gmt":"2026-02-04T12:55:11","guid":{"rendered":"https:\/\/lycee-raynouard.fr\/?page_id=5003"},"modified":"2026-03-04T14:58:51","modified_gmt":"2026-03-04T13:58:51","slug":"raynews","status":"publish","type":"page","link":"https:\/\/lycee-raynouard.fr\/index.php\/raynews\/","title":{"rendered":"Arts et Culture"},"content":{"rendered":"\n<div class=\"wp-block-uagb-buttons uagb-buttons__outer-wrap uagb-btn__default-btn uagb-btn-tablet__default-btn uagb-btn-mobile__default-btn uagb-block-e3396371\"><div class=\"uagb-buttons__wrap uagb-buttons-layout-wrap \">\n<div data-aos= \"fade-down\" data-aos-duration=\"400\" data-aos-delay=\"0\" data-aos-easing=\"ease\" data-aos-once=\"true\" class=\"wp-block-uagb-buttons-child uagb-buttons__outer-wrap uagb-block-8bfb3197 wp-block-button is-style-outline\"><div class=\"uagb-button__wrapper\"><a class=\"uagb-buttons-repeater wp-block-button__link\" aria-label=\"\" href=\"#https:\/\/lycee-raynouard.fr\/index.php\/arts-plastiques\/\" rel=\"follow noopener\" target=\"_self\" role=\"button\"><div class=\"uagb-button__link\">Arts Plastiques<\/div><\/a><\/div><\/div>\n\n\n\n<div data-aos= \"fade-down\" data-aos-duration=\"400\" data-aos-delay=\"0\" data-aos-easing=\"ease\" data-aos-once=\"true\" class=\"wp-block-uagb-buttons-child uagb-buttons__outer-wrap uagb-block-5632775f wp-block-button is-style-outline\"><div class=\"uagb-button__wrapper\"><a class=\"uagb-buttons-repeater wp-block-button__link\" aria-label=\"\" href=\"#https:\/\/lycee-raynouard.fr\/index.php\/le-cineclub\/\" rel=\"follow noopener\" target=\"_self\" role=\"button\"><div class=\"uagb-button__link\">Cin\u00e9ma<\/div><\/a><\/div><\/div>\n\n\n\n<div data-aos= \"fade-down\" data-aos-duration=\"400\" data-aos-delay=\"0\" data-aos-easing=\"ease\" data-aos-once=\"true\" class=\"wp-block-uagb-buttons-child uagb-buttons__outer-wrap uagb-block-2e81a905 wp-block-button\"><div class=\"uagb-button__wrapper\"><a class=\"uagb-buttons-repeater wp-block-button__link\" aria-label=\"\" href=\"#\" rel=\"follow noopener\" target=\"_self\" role=\"button\"><div class=\"uagb-button__link\">Culture Scientifique<\/div><\/a><\/div><\/div>\n<\/div><\/div>\n\n\n\n<div class=\"wp-block-uagb-buttons uagb-buttons__outer-wrap uagb-btn__default-btn uagb-btn-tablet__default-btn uagb-btn-mobile__default-btn uagb-block-02f086dc\"><div class=\"uagb-buttons__wrap uagb-buttons-layout-wrap \">\n<div data-aos= \"fade-down\" data-aos-duration=\"400\" data-aos-delay=\"0\" data-aos-easing=\"ease\" data-aos-once=\"true\" class=\"wp-block-uagb-buttons-child uagb-buttons__outer-wrap uagb-block-33ea463b wp-block-button is-style-outline\"><div class=\"uagb-button__wrapper\"><a class=\"uagb-buttons-repeater wp-block-button__link\" aria-label=\"\" href=\"#https:\/\/lycee-raynouard.fr\/index.php\/la-section-danse\/\" rel=\"follow noopener\" target=\"_self\" role=\"button\"><div class=\"uagb-button__link\">Danse<\/div><\/a><\/div><\/div>\n\n\n\n<div data-aos= \"fade-down\" data-aos-duration=\"400\" data-aos-delay=\"0\" data-aos-easing=\"ease\" data-aos-once=\"true\" class=\"wp-block-uagb-buttons-child uagb-buttons__outer-wrap uagb-block-76c77741 wp-block-button is-style-outline\"><div class=\"uagb-button__wrapper\"><a class=\"uagb-buttons-repeater wp-block-button__link\" aria-label=\"\" href=\"#https:\/\/lycee-raynouard.fr\/index.php\/prix-et-projets-litteraires\/\" rel=\"follow noopener\" target=\"_self\" role=\"button\"><div class=\"uagb-button__link\">Lecture \/ Ecriture<\/div><\/a><\/div><\/div>\n\n\n\n<div data-aos= \"fade-down\" data-aos-duration=\"400\" data-aos-delay=\"0\" data-aos-easing=\"ease\" data-aos-once=\"true\" class=\"wp-block-uagb-buttons-child uagb-buttons__outer-wrap uagb-block-2d8eb78a wp-block-button\"><div class=\"uagb-button__wrapper\"><a class=\"uagb-buttons-repeater wp-block-button__link\" aria-label=\"\" href=\"https:\/\/lycee-raynouard.fr\/index.php\/projet-lettres-sciences-de-la-vie-et-de-la-terre\/\" rel=\"follow noopener\" target=\"_self\" role=\"button\"><div class=\"uagb-button__link\">Projet Lettres \/ SVT<\/div><\/a><\/div><\/div>\n<\/div><\/div>\n\n\n\n<div class=\"wp-block-uagb-buttons uagb-buttons__outer-wrap uagb-btn__default-btn uagb-btn-tablet__default-btn uagb-btn-mobile__default-btn uagb-block-3558af92\"><div class=\"uagb-buttons__wrap uagb-buttons-layout-wrap \">\n<div data-aos= \"fade-down\" data-aos-duration=\"400\" data-aos-delay=\"0\" data-aos-easing=\"ease\" data-aos-once=\"true\" class=\"wp-block-uagb-buttons-child uagb-buttons__outer-wrap uagb-block-3d641053 wp-block-button\"><div class=\"uagb-button__wrapper\"><a class=\"uagb-buttons-repeater wp-block-button__link\" aria-label=\"\" href=\"#\" rel=\"follow noopener\" target=\"_self\" role=\"button\"><div class=\"uagb-button__link\">Patrimoine \/ M\u00e9moires<\/div><\/a><\/div><\/div>\n\n\n\n<div data-aos= \"fade-down\" data-aos-duration=\"400\" data-aos-delay=\"0\" data-aos-easing=\"ease\" data-aos-once=\"true\" class=\"wp-block-uagb-buttons-child uagb-buttons__outer-wrap uagb-block-a27a7893 wp-block-button\"><div class=\"uagb-button__wrapper\"><a class=\"uagb-buttons-repeater wp-block-button__link\" aria-label=\"\" href=\"#\" rel=\"follow noopener\" target=\"_blank\" role=\"button\"><div class=\"uagb-button__link\">RAYNEWS<\/div><\/a><\/div><\/div>\n\n\n\n<div data-aos= \"fade-down\" data-aos-duration=\"400\" data-aos-delay=\"0\" data-aos-easing=\"ease\" data-aos-once=\"true\" class=\"wp-block-uagb-buttons-child uagb-buttons__outer-wrap uagb-block-2ea3af2d wp-block-button\"><div class=\"uagb-button__wrapper\"><a class=\"uagb-buttons-repeater wp-block-button__link\" aria-label=\"\" href=\"https:\/\/lycee-raynouard.fr\/index.php\/theatre\/\" rel=\"follow noopener\" target=\"_self\" role=\"button\"><div class=\"uagb-button__link\">Th\u00e9atre<\/div><\/a><\/div><\/div>\n\n\n\n<div data-aos= \"fade-down\" data-aos-duration=\"400\" data-aos-delay=\"0\" data-aos-easing=\"ease\" data-aos-once=\"true\" class=\"wp-block-uagb-buttons-child uagb-buttons__outer-wrap uagb-block-9bc1e013 wp-block-button\"><div class=\"uagb-button__wrapper\"><a class=\"uagb-buttons-repeater wp-block-button__link\" aria-label=\"\" href=\"https:\/\/lycee-raynouard.fr\/index.php\/cdi\/\" rel=\"follow noopener\" target=\"_self\" role=\"button\"><div class=\"uagb-button__link\">CDI<\/div><\/a><\/div><\/div>\n<\/div><\/div>\n\n\n\n<div class=\"wp-block-uagb-buttons uagb-buttons__outer-wrap uagb-btn__default-btn uagb-btn-tablet__default-btn uagb-btn-mobile__default-btn uagb-block-c1c4f905\"><div class=\"uagb-buttons__wrap uagb-buttons-layout-wrap \">\n<div data-aos= \"fade-down\" data-aos-duration=\"400\" data-aos-delay=\"0\" data-aos-easing=\"ease\" data-aos-once=\"true\" class=\"wp-block-uagb-buttons-child uagb-buttons__outer-wrap uagb-block-c76d6684 wp-block-button is-style-outline\"><div class=\"uagb-button__wrapper\"><a class=\"uagb-buttons-repeater wp-block-button__link\" aria-label=\"\" href=\"#https:\/\/lycee-raynouard.fr\/index.php\/le-festival-volumart\/\" rel=\"follow noopener\" target=\"_self\" role=\"button\"><div class=\"uagb-button__link\">Volum&rsquo; Art<\/div><\/a><\/div><\/div>\n\n\n\n<div data-aos= \"fade-down\" data-aos-duration=\"400\" data-aos-delay=\"0\" data-aos-easing=\"ease\" data-aos-once=\"true\" class=\"wp-block-uagb-buttons-child uagb-buttons__outer-wrap uagb-block-190f71c4 wp-block-button\"><div class=\"uagb-button__wrapper\"><a class=\"uagb-buttons-repeater wp-block-button__link\" aria-label=\"\" href=\"https:\/\/lycee-raynouard.fr\/index.php\/raydio-3\/\" rel=\"follow noopener\" target=\"_self\" role=\"button\"><div class=\"uagb-button__link\">Raydio<\/div><\/a><\/div><\/div>\n<\/div><\/div>\n\n\n\n<div class=\"wp-block-media-text is-stacked-on-mobile\"><figure class=\"wp-block-media-text__media\"><img loading=\"lazy\" decoding=\"async\" width=\"672\" height=\"372\" src=\"https:\/\/lycee-raynouard.fr\/wp-content\/uploads\/2020\/01\/PEAC-672x372-1.png\" alt=\"\" class=\"wp-image-2816 size-full\" srcset=\"https:\/\/lycee-raynouard.fr\/wp-content\/uploads\/2020\/01\/PEAC-672x372-1.png 672w, https:\/\/lycee-raynouard.fr\/wp-content\/uploads\/2020\/01\/PEAC-672x372-1-300x166.png 300w\" sizes=\"auto, (max-width: 672px) 100vw, 672px\" \/><\/figure><div class=\"wp-block-media-text__content\">\n<p class=\"has-text-align-left\">De l\u2019\u00e9cole au lyc\u00e9e, le parcours d\u2019\u00e9ducation artistique et culturelle a pour ambition de favoriser l\u2019\u00e9gal acc\u00e8s de tous les \u00e9l\u00e8ves \u00e0 l\u2019art \u00e0 travers l\u2019acquisition d\u2019une culture artistique personnelle. Rendu obligatoire par la loi d\u2019orientation et de programmation pour la refondation de l\u2019\u00e9cole de la R\u00e9publique du 8 juillet 2013, il fait l\u2019objet d\u2019une <a href=\"https:\/\/www.education.gouv.fr\/cid116114\/le-parcours-d-education-artistique-et-culturelle-peac.html\" target=\"_blank\" rel=\"noreferrer noopener\">circulaire interminist\u00e9rielle<\/a>, publi\u00e9e le 9 mai 2013, qui en pr\u00e9cise les principes et les modalit\u00e9s, et d\u2019un arr\u00eat\u00e9 du 7 juillet 2015 qui fixe les objectifs de formation et les rep\u00e8res de progression \u00e0 la mise en \u0153uvre de ce parcours.<\/p>\n<\/div><\/div>\n\n\n\n<p>Le parcours d\u2019\u00e9ducation artistique et culturelle est l\u2019ensemble des connaissances acquises par l\u2019\u00e9l\u00e8ve, des pratiques exp\u00e9riment\u00e9es et des rencontres faites dans les domaines des arts et du patrimoine, que ce soit dans le cadre des enseignements, de projets sp\u00e9cifiques, d\u2019actions \u00e9ducatives, dans une compl\u00e9mentarit\u00e9 entre les temps scolaire, p\u00e9riscolaire et extrascolaire.<\/p>\n\n\n\n<p>Le Lyc\u00e9e F.Raynouard s\u2019est inscrit dans cette d\u00e9marche depuis plusieurs ann\u00e9es<\/p>\n","protected":false},"excerpt":{"rendered":"<p>De l\u2019\u00e9cole au lyc\u00e9e, le parcours d\u2019\u00e9ducation artistique et culturelle a pour ambition de favoriser l\u2019\u00e9gal acc\u00e8s de tous les \u00e9l\u00e8ves \u00e0 l\u2019art \u00e0 travers l\u2019acquisition d\u2019une culture artistique personnelle. Rendu obligatoire par la loi d\u2019orientation et de programmation pour la refondation de l\u2019\u00e9cole de la R\u00e9publique du 8 juillet 2013, il fait l\u2019objet d\u2019une &hellip; <\/p>\n<p><a class=\"more-link btn\" href=\"https:\/\/lycee-raynouard.fr\/index.php\/raynews\/\">Lire la suite<\/a><\/p>\n","protected":false},"author":1,"featured_media":5576,"parent":0,"menu_order":0,"comment_status":"closed","ping_status":"closed","template":"","meta":{"_uag_custom_page_level_css":"","advgb_blocks_editor_width":"","advgb_blocks_columns_visual_guide":"","ngg_post_thumbnail":0,"footnotes":""},"class_list":["post-5003","page","type-page","status-publish","has-post-thumbnail","hentry","nodate","item-wrap"],"yoast_head":"<!-- This site is optimized with the Yoast SEO plugin v25.8 - https:\/\/yoast.com\/wordpress\/plugins\/seo\/ -->\n<title>Arts et Culture - Lyc\u00e9e Polyvalent Raynouard<\/title>\n<meta name=\"description\" content=\"RAYNEWS, le journal du lyc\u00e9e qui r\u00e9unit litt\u00e9rature, culture et vie de l&#039;\u00e9tablissement.\" \/>\n<meta name=\"robots\" content=\"index, follow, max-snippet:-1, max-image-preview:large, max-video-preview:-1\" \/>\n<link rel=\"canonical\" href=\"https:\/\/lycee-raynouard.fr\/index.php\/raynews\/\" \/>\n<meta property=\"og:locale\" content=\"fr_FR\" \/>\n<meta property=\"og:type\" content=\"article\" \/>\n<meta property=\"og:title\" content=\"Arts et Culture - Lyc\u00e9e Polyvalent Raynouard\" \/>\n<meta property=\"og:description\" content=\"RAYNEWS, le journal du lyc\u00e9e qui r\u00e9unit litt\u00e9rature, culture et vie de l&#039;\u00e9tablissement.\" \/>\n<meta property=\"og:url\" content=\"https:\/\/lycee-raynouard.fr\/index.php\/raynews\/\" \/>\n<meta property=\"og:site_name\" content=\"Lyc\u00e9e Polyvalent Raynouard\" \/>\n<meta property=\"article:modified_time\" content=\"2026-03-04T13:58:51+00:00\" \/>\n<meta name=\"twitter:card\" content=\"summary_large_image\" \/>\n<meta name=\"twitter:label1\" content=\"Dur\u00e9e de lecture estim\u00e9e\" \/>\n\t<meta name=\"twitter:data1\" content=\"2 minutes\" \/>\n<script type=\"application\/ld+json\" class=\"yoast-schema-graph\">{\"@context\":\"https:\/\/schema.org\",\"@graph\":[{\"@type\":\"WebPage\",\"@id\":\"https:\/\/lycee-raynouard.fr\/index.php\/raynews\/\",\"url\":\"https:\/\/lycee-raynouard.fr\/index.php\/raynews\/\",\"name\":\"Arts et Culture - Lyc\u00e9e Polyvalent Raynouard\",\"isPartOf\":{\"@id\":\"https:\/\/lycee-raynouard.fr\/#website\"},\"primaryImageOfPage\":{\"@id\":\"https:\/\/lycee-raynouard.fr\/index.php\/raynews\/#primaryimage\"},\"image\":{\"@id\":\"https:\/\/lycee-raynouard.fr\/index.php\/raynews\/#primaryimage\"},\"thumbnailUrl\":\"https:\/\/lycee-raynouard.fr\/wp-content\/uploads\/2026\/03\/Raynews-2026-4-4-pdf.jpg\",\"datePublished\":\"2026-02-04T12:55:11+00:00\",\"dateModified\":\"2026-03-04T13:58:51+00:00\",\"description\":\"RAYNEWS, le journal du lyc\u00e9e qui r\u00e9unit litt\u00e9rature, culture et vie de l'\u00e9tablissement.\",\"breadcrumb\":{\"@id\":\"https:\/\/lycee-raynouard.fr\/index.php\/raynews\/#breadcrumb\"},\"inLanguage\":\"fr-FR\",\"potentialAction\":[{\"@type\":\"ReadAction\",\"target\":[\"https:\/\/lycee-raynouard.fr\/index.php\/raynews\/\"]}]},{\"@type\":\"ImageObject\",\"inLanguage\":\"fr-FR\",\"@id\":\"https:\/\/lycee-raynouard.fr\/index.php\/raynews\/#primaryimage\",\"url\":\"https:\/\/lycee-raynouard.fr\/wp-content\/uploads\/2026\/03\/Raynews-2026-4-4-pdf.jpg\",\"contentUrl\":\"https:\/\/lycee-raynouard.fr\/wp-content\/uploads\/2026\/03\/Raynews-2026-4-4-pdf.jpg\",\"caption\":\"Le journal du lyc\u00e9e\"},{\"@type\":\"BreadcrumbList\",\"@id\":\"https:\/\/lycee-raynouard.fr\/index.php\/raynews\/#breadcrumb\",\"itemListElement\":[{\"@type\":\"ListItem\",\"position\":1,\"name\":\"Accueil\",\"item\":\"https:\/\/lycee-raynouard.fr\/\"},{\"@type\":\"ListItem\",\"position\":2,\"name\":\"Arts et Culture\"}]},{\"@type\":\"WebSite\",\"@id\":\"https:\/\/lycee-raynouard.fr\/#website\",\"url\":\"https:\/\/lycee-raynouard.fr\/\",\"name\":\"Lyc\u00e9e Polyvalent Raynouard\",\"description\":\"Brignoles\",\"potentialAction\":[{\"@type\":\"SearchAction\",\"target\":{\"@type\":\"EntryPoint\",\"urlTemplate\":\"https:\/\/lycee-raynouard.fr\/?s={search_term_string}\"},\"query-input\":{\"@type\":\"PropertyValueSpecification\",\"valueRequired\":true,\"valueName\":\"search_term_string\"}}],\"inLanguage\":\"fr-FR\"}]}<\/script>\n<!-- \/ Yoast SEO plugin. -->","yoast_head_json":{"title":"Arts et Culture - Lyc\u00e9e Polyvalent Raynouard","description":"RAYNEWS, le journal du lyc\u00e9e qui r\u00e9unit litt\u00e9rature, culture et vie de l'\u00e9tablissement.","robots":{"index":"index","follow":"follow","max-snippet":"max-snippet:-1","max-image-preview":"max-image-preview:large","max-video-preview":"max-video-preview:-1"},"canonical":"https:\/\/lycee-raynouard.fr\/index.php\/raynews\/","og_locale":"fr_FR","og_type":"article","og_title":"Arts et Culture - Lyc\u00e9e Polyvalent Raynouard","og_description":"RAYNEWS, le journal du lyc\u00e9e qui r\u00e9unit litt\u00e9rature, culture et vie de l'\u00e9tablissement.","og_url":"https:\/\/lycee-raynouard.fr\/index.php\/raynews\/","og_site_name":"Lyc\u00e9e Polyvalent Raynouard","article_modified_time":"2026-03-04T13:58:51+00:00","twitter_card":"summary_large_image","twitter_misc":{"Dur\u00e9e de lecture estim\u00e9e":"2 minutes"},"schema":{"@context":"https:\/\/schema.org","@graph":[{"@type":"WebPage","@id":"https:\/\/lycee-raynouard.fr\/index.php\/raynews\/","url":"https:\/\/lycee-raynouard.fr\/index.php\/raynews\/","name":"Arts et Culture - Lyc\u00e9e Polyvalent Raynouard","isPartOf":{"@id":"https:\/\/lycee-raynouard.fr\/#website"},"primaryImageOfPage":{"@id":"https:\/\/lycee-raynouard.fr\/index.php\/raynews\/#primaryimage"},"image":{"@id":"https:\/\/lycee-raynouard.fr\/index.php\/raynews\/#primaryimage"},"thumbnailUrl":"https:\/\/lycee-raynouard.fr\/wp-content\/uploads\/2026\/03\/Raynews-2026-4-4-pdf.jpg","datePublished":"2026-02-04T12:55:11+00:00","dateModified":"2026-03-04T13:58:51+00:00","description":"RAYNEWS, le journal du lyc\u00e9e qui r\u00e9unit litt\u00e9rature, culture et vie de l'\u00e9tablissement.","breadcrumb":{"@id":"https:\/\/lycee-raynouard.fr\/index.php\/raynews\/#breadcrumb"},"inLanguage":"fr-FR","potentialAction":[{"@type":"ReadAction","target":["https:\/\/lycee-raynouard.fr\/index.php\/raynews\/"]}]},{"@type":"ImageObject","inLanguage":"fr-FR","@id":"https:\/\/lycee-raynouard.fr\/index.php\/raynews\/#primaryimage","url":"https:\/\/lycee-raynouard.fr\/wp-content\/uploads\/2026\/03\/Raynews-2026-4-4-pdf.jpg","contentUrl":"https:\/\/lycee-raynouard.fr\/wp-content\/uploads\/2026\/03\/Raynews-2026-4-4-pdf.jpg","caption":"Le journal du lyc\u00e9e"},{"@type":"BreadcrumbList","@id":"https:\/\/lycee-raynouard.fr\/index.php\/raynews\/#breadcrumb","itemListElement":[{"@type":"ListItem","position":1,"name":"Accueil","item":"https:\/\/lycee-raynouard.fr\/"},{"@type":"ListItem","position":2,"name":"Arts et Culture"}]},{"@type":"WebSite","@id":"https:\/\/lycee-raynouard.fr\/#website","url":"https:\/\/lycee-raynouard.fr\/","name":"Lyc\u00e9e Polyvalent Raynouard","description":"Brignoles","potentialAction":[{"@type":"SearchAction","target":{"@type":"EntryPoint","urlTemplate":"https:\/\/lycee-raynouard.fr\/?s={search_term_string}"},"query-input":{"@type":"PropertyValueSpecification","valueRequired":true,"valueName":"search_term_string"}}],"inLanguage":"fr-FR"}]}},"uagb_featured_image_src":{"full":["https:\/\/lycee-raynouard.fr\/wp-content\/uploads\/2026\/03\/Raynews-2026-4-4-pdf.jpg",1059,1497,true],"thumbnail":["https:\/\/lycee-raynouard.fr\/wp-content\/uploads\/2026\/03\/Raynews-2026-4-4-pdf-106x150.jpg",106,150,true],"medium":["https:\/\/lycee-raynouard.fr\/wp-content\/uploads\/2026\/03\/Raynews-2026-4-4-pdf-212x300.jpg",212,300,true],"medium_large":["https:\/\/lycee-raynouard.fr\/wp-content\/uploads\/2026\/03\/Raynews-2026-4-4-pdf.jpg",768,1086,false],"large":["https:\/\/lycee-raynouard.fr\/wp-content\/uploads\/2026\/03\/Raynews-2026-4-4-pdf-724x1024.jpg",724,1024,true],"1536x1536":["https:\/\/lycee-raynouard.fr\/wp-content\/uploads\/2026\/03\/Raynews-2026-4-4-pdf.jpg",1059,1497,false],"2048x2048":["https:\/\/lycee-raynouard.fr\/wp-content\/uploads\/2026\/03\/Raynews-2026-4-4-pdf.jpg",1059,1497,false],"graphene_slider":["https:\/\/lycee-raynouard.fr\/wp-content\/uploads\/2026\/03\/Raynews-2026-4-4-pdf.jpg",177,250,false],"graphene_featured_image":["https:\/\/lycee-raynouard.fr\/wp-content\/uploads\/2026\/03\/Raynews-2026-4-4-pdf.jpg",786,1111,false],"post-thumbnail":["https:\/\/lycee-raynouard.fr\/wp-content\/uploads\/2026\/03\/Raynews-2026-4-4-pdf.jpg",177,250,false],"mailpoet_newsletter_max":["https:\/\/lycee-raynouard.fr\/wp-content\/uploads\/2026\/03\/Raynews-2026-4-4-pdf.jpg",1059,1497,false]},"uagb_author_info":{"display_name":"adminray","author_link":"https:\/\/lycee-raynouard.fr\/index.php\/author\/adminray\/"},"uagb_comment_info":0,"uagb_excerpt":"De l\u2019\u00e9cole au lyc\u00e9e, le parcours d\u2019\u00e9ducation artistique et culturelle a pour ambition de favoriser l\u2019\u00e9gal acc\u00e8s de tous les \u00e9l\u00e8ves \u00e0 l\u2019art \u00e0 travers l\u2019acquisition d\u2019une culture artistique personnelle. Rendu obligatoire par la loi d\u2019orientation et de programmation pour la refondation de l\u2019\u00e9cole de la R\u00e9publique du 8 juillet 2013, il fait l\u2019objet d\u2019une\u2026","coauthors":[],"author_meta":{"author_link":"https:\/\/lycee-raynouard.fr\/index.php\/author\/adminray\/","display_name":"adminray"},"relative_dates":{"created":"Publi\u00e9 2 mois il y a","modified":"Mis \u00e0 jour 2 mois il y a"},"absolute_dates":{"created":"Publi\u00e9 le 4 f\u00e9vrier 2026","modified":"Mise \u00e0 jour le 4 mars 2026"},"absolute_dates_time":{"created":"Publi\u00e9 le 4 f\u00e9vrier 2026 13 h 55 min","modified":"Mise \u00e0 jour le 4 mars 2026 14 h 58 min"},"featured_img_caption":"Le journal du lyc\u00e9e","featured_img":"https:\/\/lycee-raynouard.fr\/wp-content\/uploads\/2026\/03\/Raynews-2026-4-4-pdf.jpg","series_order":"","_links":{"self":[{"href":"https:\/\/lycee-raynouard.fr\/index.php\/wp-json\/wp\/v2\/pages\/5003","targetHints":{"allow":["GET"]}}],"collection":[{"href":"https:\/\/lycee-raynouard.fr\/index.php\/wp-json\/wp\/v2\/pages"}],"about":[{"href":"https:\/\/lycee-raynouard.fr\/index.php\/wp-json\/wp\/v2\/types\/page"}],"author":[{"embeddable":true,"href":"https:\/\/lycee-raynouard.fr\/index.php\/wp-json\/wp\/v2\/users\/1"}],"replies":[{"embeddable":true,"href":"https:\/\/lycee-raynouard.fr\/index.php\/wp-json\/wp\/v2\/comments?post=5003"}],"version-history":[{"count":32,"href":"https:\/\/lycee-raynouard.fr\/index.php\/wp-json\/wp\/v2\/pages\/5003\/revisions"}],"predecessor-version":[{"id":5577,"href":"https:\/\/lycee-raynouard.fr\/index.php\/wp-json\/wp\/v2\/pages\/5003\/revisions\/5577"}],"wp:featuredmedia":[{"embeddable":true,"href":"https:\/\/lycee-raynouard.fr\/index.php\/wp-json\/wp\/v2\/media\/5576"}],"wp:attachment":[{"href":"https:\/\/lycee-raynouard.fr\/index.php\/wp-json\/wp\/v2\/media?parent=5003"}],"curies":[{"name":"wp","href":"https:\/\/api.w.org\/{rel}","templated":true}]}}