{"id":5043,"date":"2024-02-09T18:58:29","date_gmt":"2024-02-09T17:58:29","guid":{"rendered":"https:\/\/lycee-raynouard.fr\/?page_id=5043"},"modified":"2024-02-09T18:58:30","modified_gmt":"2024-02-09T17:58:30","slug":"theatre","status":"publish","type":"page","link":"https:\/\/lycee-raynouard.fr\/index.php\/theatre\/","title":{"rendered":"Th\u00e9atre"},"content":{"rendered":"<div class=\"wp-block-image\">\n<figure class=\"aligncenter size-full is-resized\"><img loading=\"lazy\" decoding=\"async\" width=\"720\" height=\"720\" src=\"https:\/\/lycee-raynouard.fr\/wp-content\/uploads\/2019\/12\/building.png\" alt=\"\" class=\"wp-image-2579\" style=\"width:401px;height:auto\" srcset=\"https:\/\/lycee-raynouard.fr\/wp-content\/uploads\/2019\/12\/building.png 720w, https:\/\/lycee-raynouard.fr\/wp-content\/uploads\/2019\/12\/building-150x150.png 150w, https:\/\/lycee-raynouard.fr\/wp-content\/uploads\/2019\/12\/building-300x300.png 300w, https:\/\/lycee-raynouard.fr\/wp-content\/uploads\/2019\/12\/building-100x100.png 100w\" sizes=\"auto, (max-width: 720px) 100vw, 720px\" \/><\/figure>\n<\/div>","protected":false},"excerpt":{"rendered":"","protected":false},"author":1,"featured_media":0,"parent":0,"menu_order":0,"comment_status":"closed","ping_status":"closed","template":"","meta":{"_uag_custom_page_level_css":"","advgb_blocks_editor_width":"","advgb_blocks_columns_visual_guide":"","ngg_post_thumbnail":0,"footnotes":""},"class_list":["post-5043","page","type-page","status-publish","hentry","nodate","item-wrap"],"yoast_head":"<!-- This site is optimized with the Yoast SEO plugin v25.8 - https:\/\/yoast.com\/wordpress\/plugins\/seo\/ -->\n<title>Th\u00e9atre - Lyc\u00e9e Polyvalent Raynouard<\/title>\n<meta name=\"robots\" content=\"index, follow, max-snippet:-1, max-image-preview:large, max-video-preview:-1\" \/>\n<link rel=\"canonical\" href=\"https:\/\/lycee-raynouard.fr\/index.php\/theatre\/\" \/>\n<meta property=\"og:locale\" content=\"fr_FR\" \/>\n<meta property=\"og:type\" content=\"article\" \/>\n<meta property=\"og:title\" content=\"Th\u00e9atre - Lyc\u00e9e Polyvalent Raynouard\" \/>\n<meta property=\"og:url\" content=\"https:\/\/lycee-raynouard.fr\/index.php\/theatre\/\" \/>\n<meta property=\"og:site_name\" content=\"Lyc\u00e9e Polyvalent Raynouard\" \/>\n<meta property=\"article:modified_time\" content=\"2024-02-09T17:58:30+00:00\" \/>\n<meta property=\"og:image\" content=\"https:\/\/lycee-raynouard.fr\/wp-content\/uploads\/2019\/12\/building.png\" \/>\n<meta name=\"twitter:card\" content=\"summary_large_image\" \/>\n<meta name=\"twitter:label1\" content=\"Dur\u00e9e de lecture estim\u00e9e\" \/>\n\t<meta name=\"twitter:data1\" content=\"1 minute\" \/>\n<script type=\"application\/ld+json\" class=\"yoast-schema-graph\">{\"@context\":\"https:\/\/schema.org\",\"@graph\":[{\"@type\":\"WebPage\",\"@id\":\"https:\/\/lycee-raynouard.fr\/index.php\/theatre\/\",\"url\":\"https:\/\/lycee-raynouard.fr\/index.php\/theatre\/\",\"name\":\"Th\u00e9atre - Lyc\u00e9e Polyvalent Raynouard\",\"isPartOf\":{\"@id\":\"https:\/\/lycee-raynouard.fr\/#website\"},\"primaryImageOfPage\":{\"@id\":\"https:\/\/lycee-raynouard.fr\/index.php\/theatre\/#primaryimage\"},\"image\":{\"@id\":\"https:\/\/lycee-raynouard.fr\/index.php\/theatre\/#primaryimage\"},\"thumbnailUrl\":\"https:\/\/lycee-raynouard.fr\/wp-content\/uploads\/2019\/12\/building.png\",\"datePublished\":\"2024-02-09T17:58:29+00:00\",\"dateModified\":\"2024-02-09T17:58:30+00:00\",\"breadcrumb\":{\"@id\":\"https:\/\/lycee-raynouard.fr\/index.php\/theatre\/#breadcrumb\"},\"inLanguage\":\"fr-FR\",\"potentialAction\":[{\"@type\":\"ReadAction\",\"target\":[\"https:\/\/lycee-raynouard.fr\/index.php\/theatre\/\"]}]},{\"@type\":\"ImageObject\",\"inLanguage\":\"fr-FR\",\"@id\":\"https:\/\/lycee-raynouard.fr\/index.php\/theatre\/#primaryimage\",\"url\":\"https:\/\/lycee-raynouard.fr\/wp-content\/uploads\/2019\/12\/building.png\",\"contentUrl\":\"https:\/\/lycee-raynouard.fr\/wp-content\/uploads\/2019\/12\/building.png\",\"width\":720,\"height\":720},{\"@type\":\"BreadcrumbList\",\"@id\":\"https:\/\/lycee-raynouard.fr\/index.php\/theatre\/#breadcrumb\",\"itemListElement\":[{\"@type\":\"ListItem\",\"position\":1,\"name\":\"Accueil\",\"item\":\"https:\/\/lycee-raynouard.fr\/\"},{\"@type\":\"ListItem\",\"position\":2,\"name\":\"Th\u00e9atre\"}]},{\"@type\":\"WebSite\",\"@id\":\"https:\/\/lycee-raynouard.fr\/#website\",\"url\":\"https:\/\/lycee-raynouard.fr\/\",\"name\":\"Lyc\u00e9e Polyvalent Raynouard\",\"description\":\"Brignoles\",\"potentialAction\":[{\"@type\":\"SearchAction\",\"target\":{\"@type\":\"EntryPoint\",\"urlTemplate\":\"https:\/\/lycee-raynouard.fr\/?s={search_term_string}\"},\"query-input\":{\"@type\":\"PropertyValueSpecification\",\"valueRequired\":true,\"valueName\":\"search_term_string\"}}],\"inLanguage\":\"fr-FR\"}]}<\/script>\n<!-- \/ Yoast SEO plugin. -->","yoast_head_json":{"title":"Th\u00e9atre - Lyc\u00e9e Polyvalent Raynouard","robots":{"index":"index","follow":"follow","max-snippet":"max-snippet:-1","max-image-preview":"max-image-preview:large","max-video-preview":"max-video-preview:-1"},"canonical":"https:\/\/lycee-raynouard.fr\/index.php\/theatre\/","og_locale":"fr_FR","og_type":"article","og_title":"Th\u00e9atre - Lyc\u00e9e Polyvalent Raynouard","og_url":"https:\/\/lycee-raynouard.fr\/index.php\/theatre\/","og_site_name":"Lyc\u00e9e Polyvalent Raynouard","article_modified_time":"2024-02-09T17:58:30+00:00","og_image":[{"url":"https:\/\/lycee-raynouard.fr\/wp-content\/uploads\/2019\/12\/building.png","type":"","width":"","height":""}],"twitter_card":"summary_large_image","twitter_misc":{"Dur\u00e9e de lecture estim\u00e9e":"1 minute"},"schema":{"@context":"https:\/\/schema.org","@graph":[{"@type":"WebPage","@id":"https:\/\/lycee-raynouard.fr\/index.php\/theatre\/","url":"https:\/\/lycee-raynouard.fr\/index.php\/theatre\/","name":"Th\u00e9atre - Lyc\u00e9e Polyvalent Raynouard","isPartOf":{"@id":"https:\/\/lycee-raynouard.fr\/#website"},"primaryImageOfPage":{"@id":"https:\/\/lycee-raynouard.fr\/index.php\/theatre\/#primaryimage"},"image":{"@id":"https:\/\/lycee-raynouard.fr\/index.php\/theatre\/#primaryimage"},"thumbnailUrl":"https:\/\/lycee-raynouard.fr\/wp-content\/uploads\/2019\/12\/building.png","datePublished":"2024-02-09T17:58:29+00:00","dateModified":"2024-02-09T17:58:30+00:00","breadcrumb":{"@id":"https:\/\/lycee-raynouard.fr\/index.php\/theatre\/#breadcrumb"},"inLanguage":"fr-FR","potentialAction":[{"@type":"ReadAction","target":["https:\/\/lycee-raynouard.fr\/index.php\/theatre\/"]}]},{"@type":"ImageObject","inLanguage":"fr-FR","@id":"https:\/\/lycee-raynouard.fr\/index.php\/theatre\/#primaryimage","url":"https:\/\/lycee-raynouard.fr\/wp-content\/uploads\/2019\/12\/building.png","contentUrl":"https:\/\/lycee-raynouard.fr\/wp-content\/uploads\/2019\/12\/building.png","width":720,"height":720},{"@type":"BreadcrumbList","@id":"https:\/\/lycee-raynouard.fr\/index.php\/theatre\/#breadcrumb","itemListElement":[{"@type":"ListItem","position":1,"name":"Accueil","item":"https:\/\/lycee-raynouard.fr\/"},{"@type":"ListItem","position":2,"name":"Th\u00e9atre"}]},{"@type":"WebSite","@id":"https:\/\/lycee-raynouard.fr\/#website","url":"https:\/\/lycee-raynouard.fr\/","name":"Lyc\u00e9e Polyvalent Raynouard","description":"Brignoles","potentialAction":[{"@type":"SearchAction","target":{"@type":"EntryPoint","urlTemplate":"https:\/\/lycee-raynouard.fr\/?s={search_term_string}"},"query-input":{"@type":"PropertyValueSpecification","valueRequired":true,"valueName":"search_term_string"}}],"inLanguage":"fr-FR"}]}},"uagb_featured_image_src":{"full":false,"thumbnail":false,"medium":false,"medium_large":false,"large":false,"1536x1536":false,"2048x2048":false,"graphene_slider":false,"graphene_featured_image":false,"post-thumbnail":false,"mailpoet_newsletter_max":false},"uagb_author_info":{"display_name":"adminray","author_link":"https:\/\/lycee-raynouard.fr\/index.php\/author\/adminray\/"},"uagb_comment_info":0,"uagb_excerpt":null,"coauthors":[],"author_meta":{"author_link":"https:\/\/lycee-raynouard.fr\/index.php\/author\/adminray\/","display_name":"adminray"},"relative_dates":{"created":"Publi\u00e9 2 ans il y a","modified":"Mis \u00e0 jour 2 ans il y a"},"absolute_dates":{"created":"Publi\u00e9 le 9 f\u00e9vrier 2024","modified":"Mise \u00e0 jour le 9 f\u00e9vrier 2024"},"absolute_dates_time":{"created":"Publi\u00e9 le 9 f\u00e9vrier 2024 18 h 58 min","modified":"Mise \u00e0 jour le 9 f\u00e9vrier 2024 18 h 58 min"},"featured_img_caption":"","featured_img":false,"series_order":"","_links":{"self":[{"href":"https:\/\/lycee-raynouard.fr\/index.php\/wp-json\/wp\/v2\/pages\/5043","targetHints":{"allow":["GET"]}}],"collection":[{"href":"https:\/\/lycee-raynouard.fr\/index.php\/wp-json\/wp\/v2\/pages"}],"about":[{"href":"https:\/\/lycee-raynouard.fr\/index.php\/wp-json\/wp\/v2\/types\/page"}],"author":[{"embeddable":true,"href":"https:\/\/lycee-raynouard.fr\/index.php\/wp-json\/wp\/v2\/users\/1"}],"replies":[{"embeddable":true,"href":"https:\/\/lycee-raynouard.fr\/index.php\/wp-json\/wp\/v2\/comments?post=5043"}],"version-history":[{"count":1,"href":"https:\/\/lycee-raynouard.fr\/index.php\/wp-json\/wp\/v2\/pages\/5043\/revisions"}],"predecessor-version":[{"id":5044,"href":"https:\/\/lycee-raynouard.fr\/index.php\/wp-json\/wp\/v2\/pages\/5043\/revisions\/5044"}],"wp:attachment":[{"href":"https:\/\/lycee-raynouard.fr\/index.php\/wp-json\/wp\/v2\/media?parent=5043"}],"curies":[{"name":"wp","href":"https:\/\/api.w.org\/{rel}","templated":true}]}}